{"id":88,"date":"2022-05-03T16:36:23","date_gmt":"2022-05-03T16:36:23","guid":{"rendered":"https:\/\/blog.yoopies.fi\/lemmikkien-hoito-opas\/"},"modified":"2025-06-12T08:44:37","modified_gmt":"2025-06-12T08:44:37","slug":"lemmikkien-hoito-opas","status":"publish","type":"page","link":"https:\/\/yoopies.fi\/c\/lemmikkien-hoito-opas\/","title":{"rendered":"Lemmikkien hoito: Opas lemmikkin hoitajan palkkaamiseen"},"content":{"rendered":"<p><h4>Parasta lemmikillesi Yoopieksen avulla <\/h4>\n<\/p>\n<p>Oletko l&auml;hd&ouml;ss&auml; reissuun ja et tied&auml;, mihin voisit vied&auml; lemmikkisi hoitoon? Ovatko ty&ouml;p&auml;iv&auml;si pitki&auml; ja olet huolissasi miten lemmikkisi p&auml;rj&auml;&auml; pitk&auml;t p&auml;iv&auml;t yksin kotona? <\/p>\n<p><strong>Yoopies sivustolta voit l&ouml;yt&auml;&auml; lemmikillesi hoitajan, tarjoamme seuraavia palveluita: <\/strong><\/p>\n<p>\ud83d\udc36 Koiranhoito<\/p>\n<p>\ud83d\udc31 Kissanhoito<\/p>\n<p>\ud83e\udd8e Muiden lemmikkien hoito <\/p>\n<p>Koiranhoitaja voi auttaa sinua monipuolisesti koirasi kanssa. Tarvitset sitten koiranulkoilutusapua tai haluat vied&auml; koirasi hoitajan luokse, pystyt Yoopieksen avulla l&ouml;yt&auml;&auml; koiranhoitajan tarpeidesi mukaan. Kissanhoitaja auttaa sinua kissanruokinnan tai esimerkiksi l&auml;&auml;kityksen kanssa. <\/p>\n<p>Tarjoamme my&ouml;s muiden lemmikkien hoitoa. Muut lemmikit voivat olla esimerkiksi jyrsi&ouml;it&auml;, akvaariokaloja tai muita kotiel&auml;imi&auml;.<\/p>\n<\/p>\n<figure><img decoding=\"async\" src=\"https:\/\/yoopies.fi\/c\/wp-content\/uploads\/sites\/8\/2022\/05\/65ceae07-8f31-4a1c-bddf-7332b4d0eb79-pexels-sam-lion-5732505.jpg\" \/><\/figure>\n<p><h4>Miten lemmikkienhoitaja voi olla avuksi minulle?<\/h4>\n<p>\nYoopieksen kautta voit l&ouml;yt&auml;&auml; lemmikkien hoitajan omaan tarpeeseesi! Sivuston kautta voit suodattaa lemmikkien hoitajiemme esimerkiksi kokemuksen, sijainnin tai asunnon koon mukaan. <\/p>\n<p>Esimerkkej&auml; tarjoamistamme palveluista: <\/p>\n<ul>\n<li><strong>Hoitopaikka<\/strong>, lemmikkisi on hoidossa ymp&auml;ri vuorokauden hoitajan luona. <\/li>\n<li><strong>Kotik&auml;ynti<\/strong>, hoitaja k&auml;y kotonasi hoitamassa lemmikki&auml;si esimerkiksi ty&ouml;p&auml;iv&auml;si aikana. <\/li>\n<li><strong>P&auml;iv&auml;hoito<\/strong>, lemmikkisi on hoidossa esimerkiksi ty&ouml;vuorosi ajan. <\/li>\n<li><strong>Kotihoito,<\/strong> lemmikin hoitaja tulee kotiisi hoitamaan lemmikki&auml;si. <\/li>\n<li><strong>Lemmikin ulkoilutus, <\/strong>hoitaja huolehtii esimerkiksi koirasi ulkoiluttamisen ty&ouml;p&auml;iv&auml;si ajan. <\/li>\n<\/ul>\n<figure><img decoding=\"async\" src=\"https:\/\/yoopies.fi\/c\/wp-content\/uploads\/sites\/8\/2022\/05\/92a73402-6113-4c17-9238-0aad7b0a00dd-wieger-stienstra-sdwbei94qg0-unsplash.jpg\" \/><\/figure>\n<p><h4>Mit&auml; minun tulisi ottaa huomioon valintaa tehdess&auml;ni? <strong><br \/>\n<\/strong><\/h4>\n<p>Sin&auml; ja Yoopies haluaa vain parasta lemmikillesi. T&auml;st&auml; syyst&auml; oikean henkil&ouml;n l&ouml;ytyminen on t&auml;rke&auml; osa prosessia. Kun teet valintaa ota ainakin n&auml;m&auml; asiat huomioon: \n<\/p>\n<p><strong>\ud83d\udd0e Lemmikin hoitajan kokemus. <\/strong>Sivustolta voit l&ouml;yt&auml;&auml; ammatiltaan olevia el&auml;intenhoitajia, mutta sivustolta voit l&ouml;yt&auml;&auml; my&ouml;s taskurahaa etsivi&auml; opiskelijoita. Etenkin jos lemmikkisi on haastava suosittelemme, ett&auml; valintaa tehdess&auml;si kiinnit&auml;t huomiota kokemukseen. Kokemuksen ei v&auml;ltt&auml;m&auml;tt&auml; tarvitse olla ammatillista, yht&auml; arvokasta kokemusta on esimerkiksi se, ett&auml; hoitajalla on ollut lemmikkej&auml; kotonansa tai kokemusta on kertynyt muulla tavalla. <\/p>\n<p>\ud83c\udfe0 H<strong>oidontarve- ja paikka. E<\/strong>tenkin jos harkitset lemmikkisi hoitopaikaksi hoitajan kotia, on t&auml;rke&auml;&auml; selvitt&auml;&auml; mink&auml;lainen asunto\/piha hoitajalla on tarjota lemmikillesi. <\/p>\n<p>\ud83d\udcad Onko taloudessa mahdollisesti m<strong>uita lemmikkej&auml;? <\/strong>Jos lemmikkisi tulee toimeen muiden lemmikkien kanssa, muista lemmikeist&auml; voi olla seuraa omallesi! Jos et ole varma, miten lemmikkisi reagoi muihin on turvallisempaa jos hoitajalla ei ole muita lemmikkej&auml;.<\/p>\n<p>\ud83d\udc40 Pienetkin yksityiskohdat voivat olla t&auml;rkeit&auml;! Kysy siis kysymyksi&auml; ehdokkaaltasi! Selvit&auml; aikaisempi kokemus ja miten hoitaja mahdollisesti reagoisi ongelmatilanteisiin. <\/p>\n<p>\ud83e\udd1d Tutustuminen on t&auml;rke&auml;&auml;! Tutustu yhdess&auml; lemmikkisi kanssa hoitajaehdokkaaseen, voit kuvailla vaikka tyypillisen p&auml;iv&auml;n lemmikkisi kanssa. <\/p>\n<\/p>\n<figure><img decoding=\"async\" src=\"https:\/\/yoopies.fi\/c\/wp-content\/uploads\/sites\/8\/2022\/05\/918aa917-df86-4e28-98d9-6e2a1f671026-pexels-cats-coming-1359292.jpg\" \/><\/figure>\n","protected":false},"excerpt":{"rendered":"<p>Parasta lemmikillesi Yoopieksen avulla Oletko l&auml;hd&ouml;ss&auml; reissuun ja et tied&auml;, mihin voisit vied&auml; lemmikkisi hoitoon? Ovatko ty&ouml;p&auml;iv&auml;si pitki&auml; ja olet huolissasi miten lemmikkisi p&auml;rj&auml;&auml; pitk&auml;t p&auml;iv&auml;t yksin kotona? Yoopies sivustolta voit l&ouml;yt&auml;&auml; lemmikillesi hoitajan, tarjoamme seuraavia palveluita: \ud83d\udc36 Koiranhoito \ud83d\udc31 Kissanhoito \ud83e\udd8e Muiden lemmikkien hoito Koiranhoitaja voi auttaa sinua monipuolisesti koirasi kanssa. Tarvitset sitten koiranulkoilutusapua [&hellip;]<\/p>\n","protected":false},"author":10,"featured_media":92,"parent":0,"menu_order":0,"comment_status":"closed","ping_status":"closed","template":"","meta":{"_acf_changed":false,"footnotes":""},"class_list":["post-88","page","type-page","status-publish","has-post-thumbnail","hentry"],"acf":[],"yoast_head":"<!-- This site is optimized with the Yoast SEO plugin v26.9 - https:\/\/yoast.com\/product\/yoast-seo-wordpress\/ -->\n<title>Lemmikkien hoito, l\u00f6yd\u00e4 lemmikillesi hoitaja Yoopieksen avulla.<\/title>\n<meta name=\"description\" content=\"Lemmikkien hoito | Etsitk\u00f6 lemmikillesi hoitajaa: koiranhoitopaikka tai koiran ulkoilutus? L\u00f6yd\u00e4 osaava sek\u00e4 luotettava hoitaja Yoopieksen avulla.\" \/>\n<meta name=\"robots\" content=\"index, follow, max-snippet:-1, max-image-preview:large, max-video-preview:-1\" \/>\n<link rel=\"canonical\" href=\"https:\/\/yoopies.fi\/c\/lemmikkien-hoito-opas\/\" \/>\n<meta property=\"og:locale\" content=\"fi_FI\" \/>\n<meta property=\"og:type\" content=\"article\" \/>\n<meta property=\"og:title\" content=\"Lemmikkien hoito, l\u00f6yd\u00e4 lemmikillesi hoitaja Yoopieksen avulla.\" \/>\n<meta property=\"og:description\" content=\"Lemmikkien hoito | Etsitk\u00f6 lemmikillesi hoitajaa: koiranhoitopaikka tai koiran ulkoilutus? L\u00f6yd\u00e4 osaava sek\u00e4 luotettava hoitaja Yoopieksen avulla.\" \/>\n<meta property=\"og:url\" content=\"https:\/\/yoopies.fi\/c\/lemmikkien-hoito-opas\/\" \/>\n<meta property=\"og:site_name\" content=\"Yoopies Suomi\" \/>\n<meta property=\"article:modified_time\" content=\"2025-06-12T08:44:37+00:00\" \/>\n<meta property=\"og:image\" content=\"https:\/\/yoopies.fi\/c\/wp-content\/uploads\/sites\/8\/2022\/05\/7109ad16-0c63-47eb-a165-0008a4a21366-pexels-blue-bird-7210349.jpg\" \/>\n\t<meta property=\"og:image:width\" content=\"1200\" \/>\n\t<meta property=\"og:image:height\" content=\"800\" \/>\n\t<meta property=\"og:image:type\" content=\"image\/jpeg\" \/>\n<meta name=\"twitter:card\" content=\"summary_large_image\" \/>\n<meta name=\"twitter:label1\" content=\"Arvioitu lukuaika\" \/>\n\t<meta name=\"twitter:data1\" content=\"2 minuuttia\" \/>\n<script type=\"application\/ld+json\" class=\"yoast-schema-graph\">{\"@context\":\"https:\/\/schema.org\",\"@graph\":[{\"@type\":\"WebPage\",\"@id\":\"https:\/\/yoopies.fi\/c\/lemmikkien-hoito-opas\/\",\"url\":\"https:\/\/yoopies.fi\/c\/lemmikkien-hoito-opas\/\",\"name\":\"Lemmikkien hoito, l\u00f6yd\u00e4 lemmikillesi hoitaja Yoopieksen avulla.\",\"isPartOf\":{\"@id\":\"https:\/\/yoopies.fi\/c\/#website\"},\"primaryImageOfPage\":{\"@id\":\"https:\/\/yoopies.fi\/c\/lemmikkien-hoito-opas\/#primaryimage\"},\"image\":{\"@id\":\"https:\/\/yoopies.fi\/c\/lemmikkien-hoito-opas\/#primaryimage\"},\"thumbnailUrl\":\"https:\/\/yoopies.fi\/c\/wp-content\/uploads\/sites\/8\/2022\/05\/7109ad16-0c63-47eb-a165-0008a4a21366-pexels-blue-bird-7210349.jpg\",\"datePublished\":\"2022-05-03T16:36:23+00:00\",\"dateModified\":\"2025-06-12T08:44:37+00:00\",\"description\":\"Lemmikkien hoito | Etsitk\u00f6 lemmikillesi hoitajaa: koiranhoitopaikka tai koiran ulkoilutus? L\u00f6yd\u00e4 osaava sek\u00e4 luotettava hoitaja Yoopieksen avulla.\",\"breadcrumb\":{\"@id\":\"https:\/\/yoopies.fi\/c\/lemmikkien-hoito-opas\/#breadcrumb\"},\"inLanguage\":\"fi\",\"potentialAction\":[{\"@type\":\"ReadAction\",\"target\":[\"https:\/\/yoopies.fi\/c\/lemmikkien-hoito-opas\/\"]}]},{\"@type\":\"ImageObject\",\"inLanguage\":\"fi\",\"@id\":\"https:\/\/yoopies.fi\/c\/lemmikkien-hoito-opas\/#primaryimage\",\"url\":\"https:\/\/yoopies.fi\/c\/wp-content\/uploads\/sites\/8\/2022\/05\/7109ad16-0c63-47eb-a165-0008a4a21366-pexels-blue-bird-7210349.jpg\",\"contentUrl\":\"https:\/\/yoopies.fi\/c\/wp-content\/uploads\/sites\/8\/2022\/05\/7109ad16-0c63-47eb-a165-0008a4a21366-pexels-blue-bird-7210349.jpg\",\"width\":1200,\"height\":800},{\"@type\":\"BreadcrumbList\",\"@id\":\"https:\/\/yoopies.fi\/c\/lemmikkien-hoito-opas\/#breadcrumb\",\"itemListElement\":[{\"@type\":\"ListItem\",\"position\":1,\"name\":\"Home\",\"item\":\"https:\/\/yoopies.fi\/c\/\"},{\"@type\":\"ListItem\",\"position\":2,\"name\":\"Lemmikkien hoito: Opas lemmikkin hoitajan palkkaamiseen\"}]},{\"@type\":\"WebSite\",\"@id\":\"https:\/\/yoopies.fi\/c\/#website\",\"url\":\"https:\/\/yoopies.fi\/c\/\",\"name\":\"Yoopies Suomi\",\"description\":\"\",\"potentialAction\":[{\"@type\":\"SearchAction\",\"target\":{\"@type\":\"EntryPoint\",\"urlTemplate\":\"https:\/\/yoopies.fi\/c\/?s={search_term_string}\"},\"query-input\":{\"@type\":\"PropertyValueSpecification\",\"valueRequired\":true,\"valueName\":\"search_term_string\"}}],\"inLanguage\":\"fi\"}]}<\/script>\n<!-- \/ Yoast SEO plugin. -->","yoast_head_json":{"title":"Lemmikkien hoito, l\u00f6yd\u00e4 lemmikillesi hoitaja Yoopieksen avulla.","description":"Lemmikkien hoito | Etsitk\u00f6 lemmikillesi hoitajaa: koiranhoitopaikka tai koiran ulkoilutus? L\u00f6yd\u00e4 osaava sek\u00e4 luotettava hoitaja Yoopieksen avulla.","robots":{"index":"index","follow":"follow","max-snippet":"max-snippet:-1","max-image-preview":"max-image-preview:large","max-video-preview":"max-video-preview:-1"},"canonical":"https:\/\/yoopies.fi\/c\/lemmikkien-hoito-opas\/","og_locale":"fi_FI","og_type":"article","og_title":"Lemmikkien hoito, l\u00f6yd\u00e4 lemmikillesi hoitaja Yoopieksen avulla.","og_description":"Lemmikkien hoito | Etsitk\u00f6 lemmikillesi hoitajaa: koiranhoitopaikka tai koiran ulkoilutus? L\u00f6yd\u00e4 osaava sek\u00e4 luotettava hoitaja Yoopieksen avulla.","og_url":"https:\/\/yoopies.fi\/c\/lemmikkien-hoito-opas\/","og_site_name":"Yoopies Suomi","article_modified_time":"2025-06-12T08:44:37+00:00","og_image":[{"width":1200,"height":800,"url":"https:\/\/yoopies.fi\/c\/wp-content\/uploads\/sites\/8\/2022\/05\/7109ad16-0c63-47eb-a165-0008a4a21366-pexels-blue-bird-7210349.jpg","type":"image\/jpeg"}],"twitter_card":"summary_large_image","twitter_misc":{"Arvioitu lukuaika":"2 minuuttia"},"schema":{"@context":"https:\/\/schema.org","@graph":[{"@type":"WebPage","@id":"https:\/\/yoopies.fi\/c\/lemmikkien-hoito-opas\/","url":"https:\/\/yoopies.fi\/c\/lemmikkien-hoito-opas\/","name":"Lemmikkien hoito, l\u00f6yd\u00e4 lemmikillesi hoitaja Yoopieksen avulla.","isPartOf":{"@id":"https:\/\/yoopies.fi\/c\/#website"},"primaryImageOfPage":{"@id":"https:\/\/yoopies.fi\/c\/lemmikkien-hoito-opas\/#primaryimage"},"image":{"@id":"https:\/\/yoopies.fi\/c\/lemmikkien-hoito-opas\/#primaryimage"},"thumbnailUrl":"https:\/\/yoopies.fi\/c\/wp-content\/uploads\/sites\/8\/2022\/05\/7109ad16-0c63-47eb-a165-0008a4a21366-pexels-blue-bird-7210349.jpg","datePublished":"2022-05-03T16:36:23+00:00","dateModified":"2025-06-12T08:44:37+00:00","description":"Lemmikkien hoito | Etsitk\u00f6 lemmikillesi hoitajaa: koiranhoitopaikka tai koiran ulkoilutus? L\u00f6yd\u00e4 osaava sek\u00e4 luotettava hoitaja Yoopieksen avulla.","breadcrumb":{"@id":"https:\/\/yoopies.fi\/c\/lemmikkien-hoito-opas\/#breadcrumb"},"inLanguage":"fi","potentialAction":[{"@type":"ReadAction","target":["https:\/\/yoopies.fi\/c\/lemmikkien-hoito-opas\/"]}]},{"@type":"ImageObject","inLanguage":"fi","@id":"https:\/\/yoopies.fi\/c\/lemmikkien-hoito-opas\/#primaryimage","url":"https:\/\/yoopies.fi\/c\/wp-content\/uploads\/sites\/8\/2022\/05\/7109ad16-0c63-47eb-a165-0008a4a21366-pexels-blue-bird-7210349.jpg","contentUrl":"https:\/\/yoopies.fi\/c\/wp-content\/uploads\/sites\/8\/2022\/05\/7109ad16-0c63-47eb-a165-0008a4a21366-pexels-blue-bird-7210349.jpg","width":1200,"height":800},{"@type":"BreadcrumbList","@id":"https:\/\/yoopies.fi\/c\/lemmikkien-hoito-opas\/#breadcrumb","itemListElement":[{"@type":"ListItem","position":1,"name":"Home","item":"https:\/\/yoopies.fi\/c\/"},{"@type":"ListItem","position":2,"name":"Lemmikkien hoito: Opas lemmikkin hoitajan palkkaamiseen"}]},{"@type":"WebSite","@id":"https:\/\/yoopies.fi\/c\/#website","url":"https:\/\/yoopies.fi\/c\/","name":"Yoopies Suomi","description":"","potentialAction":[{"@type":"SearchAction","target":{"@type":"EntryPoint","urlTemplate":"https:\/\/yoopies.fi\/c\/?s={search_term_string}"},"query-input":{"@type":"PropertyValueSpecification","valueRequired":true,"valueName":"search_term_string"}}],"inLanguage":"fi"}]}},"_links":{"self":[{"href":"https:\/\/yoopies.fi\/c\/wp-json\/wp\/v2\/pages\/88","targetHints":{"allow":["GET"]}}],"collection":[{"href":"https:\/\/yoopies.fi\/c\/wp-json\/wp\/v2\/pages"}],"about":[{"href":"https:\/\/yoopies.fi\/c\/wp-json\/wp\/v2\/types\/page"}],"author":[{"embeddable":true,"href":"https:\/\/yoopies.fi\/c\/wp-json\/wp\/v2\/users\/10"}],"replies":[{"embeddable":true,"href":"https:\/\/yoopies.fi\/c\/wp-json\/wp\/v2\/comments?post=88"}],"version-history":[{"count":1,"href":"https:\/\/yoopies.fi\/c\/wp-json\/wp\/v2\/pages\/88\/revisions"}],"predecessor-version":[{"id":93,"href":"https:\/\/yoopies.fi\/c\/wp-json\/wp\/v2\/pages\/88\/revisions\/93"}],"wp:featuredmedia":[{"embeddable":true,"href":"https:\/\/yoopies.fi\/c\/wp-json\/wp\/v2\/media\/92"}],"wp:attachment":[{"href":"https:\/\/yoopies.fi\/c\/wp-json\/wp\/v2\/media?parent=88"}],"curies":[{"name":"wp","href":"https:\/\/api.w.org\/{rel}","templated":true}]}}