{"id":81,"date":"2022-03-29T13:14:41","date_gmt":"2022-03-29T13:14:41","guid":{"rendered":"https:\/\/blog.yoopies.fi\/siivooja-kotiin\/"},"modified":"2025-06-12T08:44:37","modified_gmt":"2025-06-12T08:44:37","slug":"siivooja-kotiin","status":"publish","type":"page","link":"https:\/\/yoopies.fi\/c\/siivooja-kotiin\/","title":{"rendered":"Siivooja kotiin | Opas siivoojan palkkaamiseen"},"content":{"rendered":"<p><h4>Siivooja kotiin- N&auml;in helppoa se on Yoopieksen kanssa <\/h4>\n<\/p>\n<p>Onko mit&auml;&auml;n parempaa, kuin puhdas koti? Kaikkea ei tarvitse itse jaksaa tehd&auml;, siivous on yksi niist&auml; asioista! Kun <strong>ulkoistat kodinsiivouksesi Yoopieksen siivoojalle<\/strong>, sinulle j&auml;&auml; aikaa enemm&auml;n itsellesi ja perheellesi. Tiesith&auml;n my&ouml;s, ett&auml; siivous on yksi niist&auml; palveluista, mihin voit k&auml;ytt&auml;&auml; <strong>kotitalousv&auml;hennyst&auml;<\/strong> Voit lukea lis&auml;&auml; kotitalousv&auml;hennyksist&auml; postauksestamme <a href=\"https:\/\/yoopies.fi\/c\/kotitalousv\u00e4hennys\">t&auml;&auml;lt&auml;. <\/a>Yoopies sivustolta voit l&ouml;yt&auml;&auml; siivoojan omiin tarpeisiisi, omien aikataulujesi mukaan. <\/p>\n<p>Valitse sivustoltamme: <\/p>\n<ul>\n<li><a href=\"https:\/\/yoopies.fi\/siivous\">Siivooja kotiin<\/a>, kun tarvitset apua kotisi siivoukseen<\/li>\n<li><a href=\"https:\/\/yoopies.fi\/siivouspalvelut\">Siivouspalvelut<\/a>, kun haluat itse r&auml;&auml;t&auml;l&ouml;id&auml; tarpeesi siivoukseen<\/li>\n<\/ul>\n<figure><img decoding=\"async\" src=\"https:\/\/yoopies.fi\/c\/wp-content\/uploads\/sites\/8\/2022\/03\/11e98d8b-9eed-4cd5-9e6b-883afb0f3132-pexels-ekaterina-bolovtsova-4867979.jpg\" \/><\/figure>\n<p><h4>Siivouspalvelut omaan tarpeeseesi <\/h4>\n<\/p>\n<p>Kotisiivooja voi auttaa sinua monintavoin kotisi siivouksessa. Palvelumme on aina sinulle r&auml;&auml;t&auml;l&ouml;it&auml;viss&auml;. Kun luot ilmoitustasi sivustolle, kerro siis yksityiskohtaisesti, mit&auml; odotat siivoojalta. <\/p>\n<p>Siivouspalvelut voivat olla esimerkiksi: <\/p>\n<ul>\n<li>Kotisiivousta: viikottainen siivous, kuukausittain tai satunnaisesti<\/li>\n<li>Muuttosiivous <\/li>\n<li>Remonttisiivous<\/li>\n<li>Allergiasiivous<\/li>\n<li>Tekstiilihuolto, silitys ja muu vaatehuolto<\/li>\n<li>Ikkunoidenpesu<\/li>\n<li>Tukisiivous palvelu:  erityist&auml; tukea tarvitseville<\/li>\n<\/ul>\n<figure><img decoding=\"async\" src=\"https:\/\/yoopies.fi\/c\/wp-content\/uploads\/sites\/8\/2022\/03\/20f1a9e7-6712-4ea7-9b49-c56197fc4eb1-fotomelia-images-gratuites-et-libres-de-droits-32.jpg\" \/><\/figure>\n<p><h4>Mit&auml; minun tulisi ottaa huomioon siivoojaa palkattaessa? <\/h4>\n<\/p>\n<p>\ud83d\udcad T<strong>y&ouml;ntekij&auml;n osaaminen ja koulutus. <\/strong>Koulustus ja ty&ouml;kokemus ei ole vaatimus, ty&ouml;ntekij&auml;n hyv&auml;ll&auml; asenteella p&auml;&auml;see jo pitk&auml;lle! Siivoojalla saattaa olla esimerkiksi siivousalan perustutkinto. Jos siivoojallasi ei ole kokemusta voit keskustella ty&ouml;ntekij&auml;n kanssa, miten h&auml;n esimerkiksi toimisi tietynlaisissa tilanteissa. <\/p>\n<p>\ud83e\udd1d Y<strong>ksityiskohtainen ty&ouml;nkuva <\/strong>on selke&auml;mp&auml;&auml; kaikille. Kuvaile jo ilmoituksessasi ty&ouml;nlopputuloksen odotuksista. On my&ouml;s suotavaa jos olet ensimm&auml;isell&auml; kerralla kertomassa yksityiskohtaisesti asunnostasi sek&auml; siivouskohteista. <\/p>\n<p>\ud83e\uddf9 <strong>Siivousv&auml;lineet: <\/strong>useinmiten ty&ouml;nantaja eli sin&auml; tai perheesi tarjoavat siivousv&auml;lineet ty&ouml;ntekij&auml;lle. On my&ouml;s poikkeustilanteita, miss&auml; ty&ouml;ntekij&auml;t siivoavat omilla siivousv&auml;lineill&auml;ns&auml;. On t&auml;rke&auml;&auml; keskustella tulevan ty&ouml;ntekij&auml;si kanssa siivousv&auml;lineist&auml; ja niiden k&auml;ytt&ouml;tarkoituksista. <\/p>\n<\/p>\n<figure><img decoding=\"async\" src=\"https:\/\/yoopies.fi\/c\/wp-content\/uploads\/sites\/8\/2022\/03\/f87beb60-aebd-43f9-8d1b-970eb5c73fbb-shutterstock-1062019226-ld.jpg\" \/><\/figure>\n<figure><img decoding=\"async\" src=\"https:\/\/yoopies.fi\/c\/wp-content\/uploads\/sites\/8\/2022\/03\/84f52398-98c2-4fb0-a1b6-507bb7cc757a-helperchoicepresspage-1.jpg\" \/><\/figure>\n<p><h4>Kotisiivouspalvelu hinta: paljonko siivous maksaa?<\/h4>\n<p><strong>&nbsp;<\/strong><\/p>\n<p>Siivoojan keskipalkka Suomessa on noin 10&euro; tunnilta. &nbsp;Kiinteist&ouml;- ja palvelualan ty&ouml;ehtosopimuksen mukaan kotisiivojan tuntipalkka on 9,83&ndash;10,32&euro; per tunti. Kun toimit itse ty&ouml;nantajana voit lis&auml;t&auml; hieman summaan n. 30-40%, kattamaan mahdolliset lis&auml;kulut. &Auml;l&auml; palkkaa siivoojaa pime&auml;n&auml;! Voit hy&ouml;dynt&auml;&auml; aikaisemmin mainittua kotitalousv&auml;hennyst&auml; siivouksen kulujen kattamiseen. <\/p>\n<p>Tarkista my&ouml;s n&auml;m&auml;, kun palkkaat siivojan: <\/p>\n<p>\ud83e\uddf9 Jos ty&ouml;ntekij&auml; on ulkomaalainen, onko h&auml;nell&auml; oikeutta ty&ouml;ntekoon Suomessa. <\/p>\n<p>\ud83d\udd0e Onko ty&ouml;ntekij&auml;ll&auml; verokortti? <\/p>\n<p>\ud83d\udcad Voiko h&auml;n tehd&auml; t&ouml;it&auml; lemmikkien kanssa?\n<\/p>\n<p>Yoopieksen kautta siivoojan l&ouml;ytyminen on helppoa ja nopeaa, ilman v&auml;lik&auml;si&auml;. Aloita jo t&auml;n&auml;&auml;n, <strong><a href=\"https:\/\/yoopies.fi\/siivous\">t&auml;&auml;lt&auml;!<\/a><\/strong><\/p><\/p>\n","protected":false},"excerpt":{"rendered":"<p>Siivooja kotiin- N&auml;in helppoa se on Yoopieksen kanssa Onko mit&auml;&auml;n parempaa, kuin puhdas koti? Kaikkea ei tarvitse itse jaksaa tehd&auml;, siivous on yksi niist&auml; asioista! Kun ulkoistat kodinsiivouksesi Yoopieksen siivoojalle, sinulle j&auml;&auml; aikaa enemm&auml;n itsellesi ja perheellesi. Tiesith&auml;n my&ouml;s, ett&auml; siivous on yksi niist&auml; palveluista, mihin voit k&auml;ytt&auml;&auml; kotitalousv&auml;hennyst&auml; Voit lukea lis&auml;&auml; kotitalousv&auml;hennyksist&auml; postauksestamme t&auml;&auml;lt&auml;. [&hellip;]<\/p>\n","protected":false},"author":10,"featured_media":86,"parent":0,"menu_order":0,"comment_status":"closed","ping_status":"closed","template":"","meta":{"_acf_changed":false,"footnotes":""},"class_list":["post-81","page","type-page","status-publish","has-post-thumbnail","hentry"],"acf":[],"yoast_head":"<!-- This site is optimized with the Yoast SEO plugin v26.9 - https:\/\/yoast.com\/product\/yoast-seo-wordpress\/ -->\n<title>Siivoja kotiin &amp; siivouspalvelut tarpeidesi mukaan | L\u00f6yd\u00e4 siivooja Yoopieksen avulla<\/title>\n<meta name=\"description\" content=\"Siivoja kotiin &amp; siivouspalvelut Yoopieksen avulla kotiisi. L\u00f6yd\u00e4 luotettava siivooja omien aikataulujesi mukaan ja kotisi alkaa kiilt\u00e4m\u00e4\u00e4n pian.\" \/>\n<meta name=\"robots\" content=\"index, follow, max-snippet:-1, max-image-preview:large, max-video-preview:-1\" \/>\n<link rel=\"canonical\" href=\"https:\/\/yoopies.fi\/c\/siivooja-kotiin\/\" \/>\n<meta property=\"og:locale\" content=\"fi_FI\" \/>\n<meta property=\"og:type\" content=\"article\" \/>\n<meta property=\"og:title\" content=\"Siivoja kotiin &amp; siivouspalvelut tarpeidesi mukaan | L\u00f6yd\u00e4 siivooja Yoopieksen avulla\" \/>\n<meta property=\"og:description\" content=\"Siivoja kotiin &amp; siivouspalvelut Yoopieksen avulla kotiisi. L\u00f6yd\u00e4 luotettava siivooja omien aikataulujesi mukaan ja kotisi alkaa kiilt\u00e4m\u00e4\u00e4n pian.\" \/>\n<meta property=\"og:url\" content=\"https:\/\/yoopies.fi\/c\/siivooja-kotiin\/\" \/>\n<meta property=\"og:site_name\" content=\"Yoopies Suomi\" \/>\n<meta property=\"article:modified_time\" content=\"2025-06-12T08:44:37+00:00\" \/>\n<meta property=\"og:image\" content=\"https:\/\/yoopies.fi\/c\/wp-content\/uploads\/sites\/8\/2022\/03\/d631bb5a-e602-4d02-ab67-e6949d5786c4-pexels-karolina-grabowska-4495706.jpg\" \/>\n\t<meta property=\"og:image:width\" content=\"1200\" \/>\n\t<meta property=\"og:image:height\" content=\"800\" \/>\n\t<meta property=\"og:image:type\" content=\"image\/jpeg\" \/>\n<meta name=\"twitter:card\" content=\"summary_large_image\" \/>\n<meta name=\"twitter:label1\" content=\"Arvioitu lukuaika\" \/>\n\t<meta name=\"twitter:data1\" content=\"3 minuuttia\" \/>\n<script type=\"application\/ld+json\" class=\"yoast-schema-graph\">{\"@context\":\"https:\/\/schema.org\",\"@graph\":[{\"@type\":\"WebPage\",\"@id\":\"https:\/\/yoopies.fi\/c\/siivooja-kotiin\/\",\"url\":\"https:\/\/yoopies.fi\/c\/siivooja-kotiin\/\",\"name\":\"Siivoja kotiin & siivouspalvelut tarpeidesi mukaan | L\u00f6yd\u00e4 siivooja Yoopieksen avulla\",\"isPartOf\":{\"@id\":\"https:\/\/yoopies.fi\/c\/#website\"},\"primaryImageOfPage\":{\"@id\":\"https:\/\/yoopies.fi\/c\/siivooja-kotiin\/#primaryimage\"},\"image\":{\"@id\":\"https:\/\/yoopies.fi\/c\/siivooja-kotiin\/#primaryimage\"},\"thumbnailUrl\":\"https:\/\/yoopies.fi\/c\/wp-content\/uploads\/sites\/8\/2022\/03\/d631bb5a-e602-4d02-ab67-e6949d5786c4-pexels-karolina-grabowska-4495706.jpg\",\"datePublished\":\"2022-03-29T13:14:41+00:00\",\"dateModified\":\"2025-06-12T08:44:37+00:00\",\"description\":\"Siivoja kotiin & siivouspalvelut Yoopieksen avulla kotiisi. L\u00f6yd\u00e4 luotettava siivooja omien aikataulujesi mukaan ja kotisi alkaa kiilt\u00e4m\u00e4\u00e4n pian.\",\"breadcrumb\":{\"@id\":\"https:\/\/yoopies.fi\/c\/siivooja-kotiin\/#breadcrumb\"},\"inLanguage\":\"fi\",\"potentialAction\":[{\"@type\":\"ReadAction\",\"target\":[\"https:\/\/yoopies.fi\/c\/siivooja-kotiin\/\"]}]},{\"@type\":\"ImageObject\",\"inLanguage\":\"fi\",\"@id\":\"https:\/\/yoopies.fi\/c\/siivooja-kotiin\/#primaryimage\",\"url\":\"https:\/\/yoopies.fi\/c\/wp-content\/uploads\/sites\/8\/2022\/03\/d631bb5a-e602-4d02-ab67-e6949d5786c4-pexels-karolina-grabowska-4495706.jpg\",\"contentUrl\":\"https:\/\/yoopies.fi\/c\/wp-content\/uploads\/sites\/8\/2022\/03\/d631bb5a-e602-4d02-ab67-e6949d5786c4-pexels-karolina-grabowska-4495706.jpg\",\"width\":1200,\"height\":800},{\"@type\":\"BreadcrumbList\",\"@id\":\"https:\/\/yoopies.fi\/c\/siivooja-kotiin\/#breadcrumb\",\"itemListElement\":[{\"@type\":\"ListItem\",\"position\":1,\"name\":\"Home\",\"item\":\"https:\/\/yoopies.fi\/c\/\"},{\"@type\":\"ListItem\",\"position\":2,\"name\":\"Siivooja kotiin | Opas siivoojan palkkaamiseen\"}]},{\"@type\":\"WebSite\",\"@id\":\"https:\/\/yoopies.fi\/c\/#website\",\"url\":\"https:\/\/yoopies.fi\/c\/\",\"name\":\"Yoopies Suomi\",\"description\":\"\",\"potentialAction\":[{\"@type\":\"SearchAction\",\"target\":{\"@type\":\"EntryPoint\",\"urlTemplate\":\"https:\/\/yoopies.fi\/c\/?s={search_term_string}\"},\"query-input\":{\"@type\":\"PropertyValueSpecification\",\"valueRequired\":true,\"valueName\":\"search_term_string\"}}],\"inLanguage\":\"fi\"}]}<\/script>\n<!-- \/ Yoast SEO plugin. -->","yoast_head_json":{"title":"Siivoja kotiin & siivouspalvelut tarpeidesi mukaan | L\u00f6yd\u00e4 siivooja Yoopieksen avulla","description":"Siivoja kotiin & siivouspalvelut Yoopieksen avulla kotiisi. L\u00f6yd\u00e4 luotettava siivooja omien aikataulujesi mukaan ja kotisi alkaa kiilt\u00e4m\u00e4\u00e4n pian.","robots":{"index":"index","follow":"follow","max-snippet":"max-snippet:-1","max-image-preview":"max-image-preview:large","max-video-preview":"max-video-preview:-1"},"canonical":"https:\/\/yoopies.fi\/c\/siivooja-kotiin\/","og_locale":"fi_FI","og_type":"article","og_title":"Siivoja kotiin & siivouspalvelut tarpeidesi mukaan | L\u00f6yd\u00e4 siivooja Yoopieksen avulla","og_description":"Siivoja kotiin & siivouspalvelut Yoopieksen avulla kotiisi. L\u00f6yd\u00e4 luotettava siivooja omien aikataulujesi mukaan ja kotisi alkaa kiilt\u00e4m\u00e4\u00e4n pian.","og_url":"https:\/\/yoopies.fi\/c\/siivooja-kotiin\/","og_site_name":"Yoopies Suomi","article_modified_time":"2025-06-12T08:44:37+00:00","og_image":[{"width":1200,"height":800,"url":"https:\/\/yoopies.fi\/c\/wp-content\/uploads\/sites\/8\/2022\/03\/d631bb5a-e602-4d02-ab67-e6949d5786c4-pexels-karolina-grabowska-4495706.jpg","type":"image\/jpeg"}],"twitter_card":"summary_large_image","twitter_misc":{"Arvioitu lukuaika":"3 minuuttia"},"schema":{"@context":"https:\/\/schema.org","@graph":[{"@type":"WebPage","@id":"https:\/\/yoopies.fi\/c\/siivooja-kotiin\/","url":"https:\/\/yoopies.fi\/c\/siivooja-kotiin\/","name":"Siivoja kotiin & siivouspalvelut tarpeidesi mukaan | L\u00f6yd\u00e4 siivooja Yoopieksen avulla","isPartOf":{"@id":"https:\/\/yoopies.fi\/c\/#website"},"primaryImageOfPage":{"@id":"https:\/\/yoopies.fi\/c\/siivooja-kotiin\/#primaryimage"},"image":{"@id":"https:\/\/yoopies.fi\/c\/siivooja-kotiin\/#primaryimage"},"thumbnailUrl":"https:\/\/yoopies.fi\/c\/wp-content\/uploads\/sites\/8\/2022\/03\/d631bb5a-e602-4d02-ab67-e6949d5786c4-pexels-karolina-grabowska-4495706.jpg","datePublished":"2022-03-29T13:14:41+00:00","dateModified":"2025-06-12T08:44:37+00:00","description":"Siivoja kotiin & siivouspalvelut Yoopieksen avulla kotiisi. L\u00f6yd\u00e4 luotettava siivooja omien aikataulujesi mukaan ja kotisi alkaa kiilt\u00e4m\u00e4\u00e4n pian.","breadcrumb":{"@id":"https:\/\/yoopies.fi\/c\/siivooja-kotiin\/#breadcrumb"},"inLanguage":"fi","potentialAction":[{"@type":"ReadAction","target":["https:\/\/yoopies.fi\/c\/siivooja-kotiin\/"]}]},{"@type":"ImageObject","inLanguage":"fi","@id":"https:\/\/yoopies.fi\/c\/siivooja-kotiin\/#primaryimage","url":"https:\/\/yoopies.fi\/c\/wp-content\/uploads\/sites\/8\/2022\/03\/d631bb5a-e602-4d02-ab67-e6949d5786c4-pexels-karolina-grabowska-4495706.jpg","contentUrl":"https:\/\/yoopies.fi\/c\/wp-content\/uploads\/sites\/8\/2022\/03\/d631bb5a-e602-4d02-ab67-e6949d5786c4-pexels-karolina-grabowska-4495706.jpg","width":1200,"height":800},{"@type":"BreadcrumbList","@id":"https:\/\/yoopies.fi\/c\/siivooja-kotiin\/#breadcrumb","itemListElement":[{"@type":"ListItem","position":1,"name":"Home","item":"https:\/\/yoopies.fi\/c\/"},{"@type":"ListItem","position":2,"name":"Siivooja kotiin | Opas siivoojan palkkaamiseen"}]},{"@type":"WebSite","@id":"https:\/\/yoopies.fi\/c\/#website","url":"https:\/\/yoopies.fi\/c\/","name":"Yoopies Suomi","description":"","potentialAction":[{"@type":"SearchAction","target":{"@type":"EntryPoint","urlTemplate":"https:\/\/yoopies.fi\/c\/?s={search_term_string}"},"query-input":{"@type":"PropertyValueSpecification","valueRequired":true,"valueName":"search_term_string"}}],"inLanguage":"fi"}]}},"_links":{"self":[{"href":"https:\/\/yoopies.fi\/c\/wp-json\/wp\/v2\/pages\/81","targetHints":{"allow":["GET"]}}],"collection":[{"href":"https:\/\/yoopies.fi\/c\/wp-json\/wp\/v2\/pages"}],"about":[{"href":"https:\/\/yoopies.fi\/c\/wp-json\/wp\/v2\/types\/page"}],"author":[{"embeddable":true,"href":"https:\/\/yoopies.fi\/c\/wp-json\/wp\/v2\/users\/10"}],"replies":[{"embeddable":true,"href":"https:\/\/yoopies.fi\/c\/wp-json\/wp\/v2\/comments?post=81"}],"version-history":[{"count":1,"href":"https:\/\/yoopies.fi\/c\/wp-json\/wp\/v2\/pages\/81\/revisions"}],"predecessor-version":[{"id":87,"href":"https:\/\/yoopies.fi\/c\/wp-json\/wp\/v2\/pages\/81\/revisions\/87"}],"wp:featuredmedia":[{"embeddable":true,"href":"https:\/\/yoopies.fi\/c\/wp-json\/wp\/v2\/media\/86"}],"wp:attachment":[{"href":"https:\/\/yoopies.fi\/c\/wp-json\/wp\/v2\/media?parent=81"}],"curies":[{"name":"wp","href":"https:\/\/api.w.org\/{rel}","templated":true}]}}