{"id":75,"date":"2022-04-19T11:10:23","date_gmt":"2022-04-19T11:10:23","guid":{"rendered":"https:\/\/blog.yoopies.fi\/lemmikkienhoito-tyo\/"},"modified":"2025-06-12T08:44:37","modified_gmt":"2025-06-12T08:44:37","slug":"lemmikkienhoito-tyo","status":"publish","type":"page","link":"https:\/\/yoopies.fi\/c\/lemmikkienhoito-tyo\/","title":{"rendered":"Lemmikkienhoitaja ty\u00f6: Opas ty\u00f6n aloittamiseen"},"content":{"rendered":"<p><p class=\"block-img\"><img decoding=\"async\" src=\"https:\/\/yoopies.fi\/c\/wp-content\/uploads\/sites\/8\/2022\/04\/0cc37323-5b24-4301-97b4-6e06b76e8434_pexels-samson-katt-5257604.jpg\" alt=\"\"><\/p>\n<\/p>\n<h2><strong>Kuinka voin aloittaa lemmikkien hoitoty&ouml;n? <\/strong><\/h2>\n<\/p>\n<p>Lemmikkienhoitajana ty&ouml;skentely on ollut kovassa nousussa viime vuosien aikana, t&auml;h&auml;n varmasti vaikuttaa korona-aika, jolloin lemmikkien kysynt&auml; on ollut kovempaa, kuin koskaan. Jos olet henkil&ouml;, joka rakastaa el&auml;imi&auml; ja sinulla on pari tuntia ylim&auml;&auml;r&auml;ist&auml; aikaa viikon aikana, ty&ouml; voisi sopia sinulle. Lemmikkienhoitajana voit ty&ouml;skennell&auml; joustavasti omien mielenkiintojesi mukaan, jos nautit lenkkeilyst&auml;, koiran ulkoilutus voi sopia sinulle. Jos taas ty&ouml;skentelet kotona, mikset ottaisi hoitokoiraa kotiisi? <\/p>\n<p><a href=\"https:\/\/yoopies.fi\/\">Yoopies<\/a> sivustolta voit l&ouml;yt&auml;&auml; ty&ouml;n juuri niiden el&auml;inten parissa, jotka sopivat sinun taitoihisi. Suosituimmat palvelumme ovat <a href=\"https:\/\/yoopies.fi\/koiravahdin-tyota\">koiran<\/a>&#8211; ja <a href=\"https:\/\/yoopies.fi\/kissavahdin-tyota\">kissanhoito<\/a>, mutta sivustolta l&ouml;yd&auml;t my&ouml;s <a href=\"https:\/\/yoopies.fi\/muiden-lemmikkien-hoitoty%C3%B6\">muut lemmikit<\/a>&#8211; kategorian, mik&auml; mahdollistaa esimerkiksi jyrsi&ouml;iden tai kotiel&auml;imien hoitamisen. <strong>Vinkki! <\/strong>Kirjoita kattava ilmoitus, jossa kerrot kokemuksestasi el&auml;inten parissa. Jos sinulla on paljon kokemusta monenlaisten el&auml;inten parissa voit tarjota laajalla skaalalla omia palvelujasi. <\/p>\n<p>Seuraava sinun kannattaakin tarkastella, mink&auml;laista tarjontaa l&auml;helt&auml; sinua l&ouml;ytyy. Ole aktiivinen ty&ouml;nantajiemme kanssa! Jos huomaat ty&ouml;paikan lemmikkien hoitajalle l&auml;helt&auml; sinua, ole ty&ouml;nantajaan yhteydess&auml; viestint&auml;palvelumme kautta. Lemmikkienhoitajana voit ty&ouml;skennell&auml; joustavasti, jos sinulla on useampia tunteja annettavana ty&ouml;lle, voit kokeilla my&ouml;s ty&ouml;ntekoa kevytyritt&auml;j&auml;n&auml; esimerkiksi laskutuspalvelun kautta. <\/p>\n<p class=\"block-img\"><img decoding=\"async\" src=\"https:\/\/yoopies.fi\/c\/wp-content\/uploads\/sites\/8\/2022\/04\/60da0afa-791f-438f-bb91-e1bd3f3bc04f_pexels-pixabay-33492.jpg\" alt=\"\"><\/p>\n<h2><strong>Etusi lemmikkien hoitajana <\/strong><\/h2>\n<\/p>\n<p>Lemmikkiel&auml;inhoidosta on tulossa yh&auml; suositumpaa sek&auml; osa- ett&auml; kokop&auml;iv&auml;ty&ouml;n&auml;, t&auml;m&auml; tarkoittaa siis enemm&auml;n tarjontaa ja sinulla on varaa valita! Ty&ouml; sopii hyvin alan ammattilaiselle, esimerkiksi el&auml;intenhoitajalle tai vaikka alan opiskelijalle. Lemmikkien hoito on joustava vaihtoehto kaikille opiskelijoille, lis&auml;ksi tutkitusti el&auml;inten seurassa oleminen lis&auml;&auml; psyykkist&auml; ja fyysist&auml; hyvinvointia. <\/p>\n<p>Jos p&auml;&auml;t&auml;t ryhty&auml; itsen&auml;iseksi ammatinharjoittajaksi, joka ty&ouml;skentelee kevytyritt&auml;j&auml;n&auml;, voit m&auml;&auml;ritt&auml;&auml; omat ty&ouml;aikasi, ty&ouml;skennell&auml; niin usein tai ep&auml;s&auml;&auml;nn&ouml;llisesti kuin haluat, asettaa omat hintasi ja p&auml;&auml;tt&auml;&auml; millaista lemmikkiel&auml;inty&ouml;t&auml; haluat ottaa vastaan. Ty&ouml;n joustavuus sek&auml; ty&ouml;suhteesi suuri m&auml;&auml;r&auml;ysvalta tarkoittaa, ett&auml; se on loistava osa-aikaty&ouml; jo ennest&auml;&auml;n kiireisen aikataulun omaaville ja siksi sit&auml; suositaan yhten&auml; parhaista osa-aikat&ouml;ist&auml;. <\/p>\n<p class=\"block-img\"><img decoding=\"async\" src=\"https:\/\/yoopies.fi\/c\/wp-content\/uploads\/sites\/8\/2022\/04\/813ea07b-b7ed-45f6-9df1-9495d887c300_Applicants-2.jpg\" alt=\"\"><\/p>\n<h2><strong>Kuinka paljon voin tienata lemmikkien hoitajana? <\/strong><\/h2>\n<\/p>\n<p>Lemmikkiel&auml;inhoito voi olla paljon tuottoisampi rooli kuin monet ihmiset olettavat, sill&auml; jos ty&ouml;skentelet freelancer-el&auml;inhoitajana, voit m&auml;&auml;ritt&auml;&auml; itse palkkasi ja p&auml;&auml;tt&auml;&auml;, kuinka paljon veloitat palveluistasi. Tuntihinnalla erityisesti koiran ulkoiluttaminen voi olla eritt&auml;in tuottoisaa, koska jotkut koiranulkoiluttajat voivat ansaita jopa 25&euro; tunnissa. Aseta hintasi paikallisen hintatason mukaan noin 5-30&euro; v&auml;lilt&auml;. Voit pyyt&auml;&auml; korkeampaa hintaa jos taloudessa on useampi lemmikki tai k&auml;yt vaikkapa useamman kerran p&auml;iv&auml;ss&auml; lemmikin omistajan kotona. <\/p>\n<p>Lemmikkihoidon keskim&auml;&auml;r&auml;iset hinnat vaihtelevat tietysti useiden tekij&ouml;iden mukaan, mukaan lukien sijaintisi, paikallisen alueen lemmikkihoitajien kysynt&auml;, kokemuksesi, tarjoamasi hoidon ja palvelun tyyppi, hoitamasi el&auml;imen tyyppi, el&auml;inten lukum&auml;&auml;r&auml;, joista sinun on huolehdittava kerralla. <\/p>\n<\/p>\n<p><a class=\"button\" href=\"https:\/\/yoopies.fi\/lemmikkienhoitoty%C3%B6\">Aloita ty\u00f6nhakusi t\u00e4st\u00e4. <\/a><\/p>\n","protected":false},"excerpt":{"rendered":"<p>Kuinka voin aloittaa lemmikkien hoitoty&ouml;n? Lemmikkienhoitajana ty&ouml;skentely on ollut kovassa nousussa viime vuosien aikana, t&auml;h&auml;n varmasti vaikuttaa korona-aika, jolloin lemmikkien kysynt&auml; on ollut kovempaa, kuin koskaan. Jos olet henkil&ouml;, joka rakastaa el&auml;imi&auml; ja sinulla on pari tuntia ylim&auml;&auml;r&auml;ist&auml; aikaa viikon aikana, ty&ouml; voisi sopia sinulle. Lemmikkienhoitajana voit ty&ouml;skennell&auml; joustavasti omien mielenkiintojesi mukaan, jos nautit lenkkeilyst&auml;, [&hellip;]<\/p>\n","protected":false},"author":10,"featured_media":79,"parent":0,"menu_order":0,"comment_status":"closed","ping_status":"closed","template":"","meta":{"_acf_changed":false,"footnotes":""},"class_list":["post-75","page","type-page","status-publish","has-post-thumbnail","hentry"],"acf":[],"yoast_head":"<!-- This site is optimized with the Yoast SEO plugin v26.9 - https:\/\/yoast.com\/product\/yoast-seo-wordpress\/ -->\n<title>Lemmikkienhoitaja ty\u00f6: Opas ty\u00f6n aloittamiseen. \ud83d\udc3e | Yoopies<\/title>\n<meta name=\"description\" content=\"Lemmikkienhoitaja ty\u00f6 | Aloita ty\u00f6skentely el\u00e4inten kanssa. Koiran- tai kissanhoitoty\u00f6. Kuinka aloitan? \ud83d\udd0e| Lue Yoopieksen vinkit ty\u00f6n aloittamiseen. \ud83d\udc3e\" \/>\n<meta name=\"robots\" content=\"index, follow, max-snippet:-1, max-image-preview:large, max-video-preview:-1\" \/>\n<link rel=\"canonical\" href=\"https:\/\/yoopies.fi\/c\/lemmikkienhoito-tyo\/\" \/>\n<meta property=\"og:locale\" content=\"fi_FI\" \/>\n<meta property=\"og:type\" content=\"article\" \/>\n<meta property=\"og:title\" content=\"Lemmikkienhoitaja ty\u00f6: Opas ty\u00f6n aloittamiseen. \ud83d\udc3e | Yoopies\" \/>\n<meta property=\"og:description\" content=\"Lemmikkienhoitaja ty\u00f6 | Aloita ty\u00f6skentely el\u00e4inten kanssa. Koiran- tai kissanhoitoty\u00f6. Kuinka aloitan? \ud83d\udd0e| Lue Yoopieksen vinkit ty\u00f6n aloittamiseen. \ud83d\udc3e\" \/>\n<meta property=\"og:url\" content=\"https:\/\/yoopies.fi\/c\/lemmikkienhoito-tyo\/\" \/>\n<meta property=\"og:site_name\" content=\"Yoopies Suomi\" \/>\n<meta property=\"article:modified_time\" content=\"2025-06-12T08:44:37+00:00\" \/>\n<meta property=\"og:image\" content=\"https:\/\/yoopies.fi\/c\/wp-content\/uploads\/sites\/8\/2022\/04\/80428c14-9705-49af-8fd7-26a1c342e37b-pexels-pixabay-256632.jpg\" \/>\n\t<meta property=\"og:image:width\" content=\"1200\" \/>\n\t<meta property=\"og:image:height\" content=\"801\" \/>\n\t<meta property=\"og:image:type\" content=\"image\/jpeg\" \/>\n<meta name=\"twitter:card\" content=\"summary_large_image\" \/>\n<meta name=\"twitter:label1\" content=\"Arvioitu lukuaika\" \/>\n\t<meta name=\"twitter:data1\" content=\"3 minuuttia\" \/>\n<script type=\"application\/ld+json\" class=\"yoast-schema-graph\">{\"@context\":\"https:\/\/schema.org\",\"@graph\":[{\"@type\":\"WebPage\",\"@id\":\"https:\/\/yoopies.fi\/c\/lemmikkienhoito-tyo\/\",\"url\":\"https:\/\/yoopies.fi\/c\/lemmikkienhoito-tyo\/\",\"name\":\"Lemmikkienhoitaja ty\u00f6: Opas ty\u00f6n aloittamiseen. \ud83d\udc3e | Yoopies\",\"isPartOf\":{\"@id\":\"https:\/\/yoopies.fi\/c\/#website\"},\"primaryImageOfPage\":{\"@id\":\"https:\/\/yoopies.fi\/c\/lemmikkienhoito-tyo\/#primaryimage\"},\"image\":{\"@id\":\"https:\/\/yoopies.fi\/c\/lemmikkienhoito-tyo\/#primaryimage\"},\"thumbnailUrl\":\"https:\/\/yoopies.fi\/c\/wp-content\/uploads\/sites\/8\/2022\/04\/80428c14-9705-49af-8fd7-26a1c342e37b-pexels-pixabay-256632.jpg\",\"datePublished\":\"2022-04-19T11:10:23+00:00\",\"dateModified\":\"2025-06-12T08:44:37+00:00\",\"description\":\"Lemmikkienhoitaja ty\u00f6 | Aloita ty\u00f6skentely el\u00e4inten kanssa. Koiran- tai kissanhoitoty\u00f6. Kuinka aloitan? \ud83d\udd0e| Lue Yoopieksen vinkit ty\u00f6n aloittamiseen. \ud83d\udc3e\",\"breadcrumb\":{\"@id\":\"https:\/\/yoopies.fi\/c\/lemmikkienhoito-tyo\/#breadcrumb\"},\"inLanguage\":\"fi\",\"potentialAction\":[{\"@type\":\"ReadAction\",\"target\":[\"https:\/\/yoopies.fi\/c\/lemmikkienhoito-tyo\/\"]}]},{\"@type\":\"ImageObject\",\"inLanguage\":\"fi\",\"@id\":\"https:\/\/yoopies.fi\/c\/lemmikkienhoito-tyo\/#primaryimage\",\"url\":\"https:\/\/yoopies.fi\/c\/wp-content\/uploads\/sites\/8\/2022\/04\/80428c14-9705-49af-8fd7-26a1c342e37b-pexels-pixabay-256632.jpg\",\"contentUrl\":\"https:\/\/yoopies.fi\/c\/wp-content\/uploads\/sites\/8\/2022\/04\/80428c14-9705-49af-8fd7-26a1c342e37b-pexels-pixabay-256632.jpg\",\"width\":1200,\"height\":801},{\"@type\":\"BreadcrumbList\",\"@id\":\"https:\/\/yoopies.fi\/c\/lemmikkienhoito-tyo\/#breadcrumb\",\"itemListElement\":[{\"@type\":\"ListItem\",\"position\":1,\"name\":\"Home\",\"item\":\"https:\/\/yoopies.fi\/c\/\"},{\"@type\":\"ListItem\",\"position\":2,\"name\":\"Lemmikkienhoitaja ty\u00f6: Opas ty\u00f6n aloittamiseen\"}]},{\"@type\":\"WebSite\",\"@id\":\"https:\/\/yoopies.fi\/c\/#website\",\"url\":\"https:\/\/yoopies.fi\/c\/\",\"name\":\"Yoopies Suomi\",\"description\":\"\",\"potentialAction\":[{\"@type\":\"SearchAction\",\"target\":{\"@type\":\"EntryPoint\",\"urlTemplate\":\"https:\/\/yoopies.fi\/c\/?s={search_term_string}\"},\"query-input\":{\"@type\":\"PropertyValueSpecification\",\"valueRequired\":true,\"valueName\":\"search_term_string\"}}],\"inLanguage\":\"fi\"}]}<\/script>\n<!-- \/ Yoast SEO plugin. -->","yoast_head_json":{"title":"Lemmikkienhoitaja ty\u00f6: Opas ty\u00f6n aloittamiseen. \ud83d\udc3e | Yoopies","description":"Lemmikkienhoitaja ty\u00f6 | Aloita ty\u00f6skentely el\u00e4inten kanssa. Koiran- tai kissanhoitoty\u00f6. Kuinka aloitan? \ud83d\udd0e| Lue Yoopieksen vinkit ty\u00f6n aloittamiseen. \ud83d\udc3e","robots":{"index":"index","follow":"follow","max-snippet":"max-snippet:-1","max-image-preview":"max-image-preview:large","max-video-preview":"max-video-preview:-1"},"canonical":"https:\/\/yoopies.fi\/c\/lemmikkienhoito-tyo\/","og_locale":"fi_FI","og_type":"article","og_title":"Lemmikkienhoitaja ty\u00f6: Opas ty\u00f6n aloittamiseen. \ud83d\udc3e | Yoopies","og_description":"Lemmikkienhoitaja ty\u00f6 | Aloita ty\u00f6skentely el\u00e4inten kanssa. Koiran- tai kissanhoitoty\u00f6. Kuinka aloitan? \ud83d\udd0e| Lue Yoopieksen vinkit ty\u00f6n aloittamiseen. \ud83d\udc3e","og_url":"https:\/\/yoopies.fi\/c\/lemmikkienhoito-tyo\/","og_site_name":"Yoopies Suomi","article_modified_time":"2025-06-12T08:44:37+00:00","og_image":[{"width":1200,"height":801,"url":"https:\/\/yoopies.fi\/c\/wp-content\/uploads\/sites\/8\/2022\/04\/80428c14-9705-49af-8fd7-26a1c342e37b-pexels-pixabay-256632.jpg","type":"image\/jpeg"}],"twitter_card":"summary_large_image","twitter_misc":{"Arvioitu lukuaika":"3 minuuttia"},"schema":{"@context":"https:\/\/schema.org","@graph":[{"@type":"WebPage","@id":"https:\/\/yoopies.fi\/c\/lemmikkienhoito-tyo\/","url":"https:\/\/yoopies.fi\/c\/lemmikkienhoito-tyo\/","name":"Lemmikkienhoitaja ty\u00f6: Opas ty\u00f6n aloittamiseen. \ud83d\udc3e | Yoopies","isPartOf":{"@id":"https:\/\/yoopies.fi\/c\/#website"},"primaryImageOfPage":{"@id":"https:\/\/yoopies.fi\/c\/lemmikkienhoito-tyo\/#primaryimage"},"image":{"@id":"https:\/\/yoopies.fi\/c\/lemmikkienhoito-tyo\/#primaryimage"},"thumbnailUrl":"https:\/\/yoopies.fi\/c\/wp-content\/uploads\/sites\/8\/2022\/04\/80428c14-9705-49af-8fd7-26a1c342e37b-pexels-pixabay-256632.jpg","datePublished":"2022-04-19T11:10:23+00:00","dateModified":"2025-06-12T08:44:37+00:00","description":"Lemmikkienhoitaja ty\u00f6 | Aloita ty\u00f6skentely el\u00e4inten kanssa. Koiran- tai kissanhoitoty\u00f6. Kuinka aloitan? \ud83d\udd0e| Lue Yoopieksen vinkit ty\u00f6n aloittamiseen. \ud83d\udc3e","breadcrumb":{"@id":"https:\/\/yoopies.fi\/c\/lemmikkienhoito-tyo\/#breadcrumb"},"inLanguage":"fi","potentialAction":[{"@type":"ReadAction","target":["https:\/\/yoopies.fi\/c\/lemmikkienhoito-tyo\/"]}]},{"@type":"ImageObject","inLanguage":"fi","@id":"https:\/\/yoopies.fi\/c\/lemmikkienhoito-tyo\/#primaryimage","url":"https:\/\/yoopies.fi\/c\/wp-content\/uploads\/sites\/8\/2022\/04\/80428c14-9705-49af-8fd7-26a1c342e37b-pexels-pixabay-256632.jpg","contentUrl":"https:\/\/yoopies.fi\/c\/wp-content\/uploads\/sites\/8\/2022\/04\/80428c14-9705-49af-8fd7-26a1c342e37b-pexels-pixabay-256632.jpg","width":1200,"height":801},{"@type":"BreadcrumbList","@id":"https:\/\/yoopies.fi\/c\/lemmikkienhoito-tyo\/#breadcrumb","itemListElement":[{"@type":"ListItem","position":1,"name":"Home","item":"https:\/\/yoopies.fi\/c\/"},{"@type":"ListItem","position":2,"name":"Lemmikkienhoitaja ty\u00f6: Opas ty\u00f6n aloittamiseen"}]},{"@type":"WebSite","@id":"https:\/\/yoopies.fi\/c\/#website","url":"https:\/\/yoopies.fi\/c\/","name":"Yoopies Suomi","description":"","potentialAction":[{"@type":"SearchAction","target":{"@type":"EntryPoint","urlTemplate":"https:\/\/yoopies.fi\/c\/?s={search_term_string}"},"query-input":{"@type":"PropertyValueSpecification","valueRequired":true,"valueName":"search_term_string"}}],"inLanguage":"fi"}]}},"_links":{"self":[{"href":"https:\/\/yoopies.fi\/c\/wp-json\/wp\/v2\/pages\/75","targetHints":{"allow":["GET"]}}],"collection":[{"href":"https:\/\/yoopies.fi\/c\/wp-json\/wp\/v2\/pages"}],"about":[{"href":"https:\/\/yoopies.fi\/c\/wp-json\/wp\/v2\/types\/page"}],"author":[{"embeddable":true,"href":"https:\/\/yoopies.fi\/c\/wp-json\/wp\/v2\/users\/10"}],"replies":[{"embeddable":true,"href":"https:\/\/yoopies.fi\/c\/wp-json\/wp\/v2\/comments?post=75"}],"version-history":[{"count":1,"href":"https:\/\/yoopies.fi\/c\/wp-json\/wp\/v2\/pages\/75\/revisions"}],"predecessor-version":[{"id":80,"href":"https:\/\/yoopies.fi\/c\/wp-json\/wp\/v2\/pages\/75\/revisions\/80"}],"wp:featuredmedia":[{"embeddable":true,"href":"https:\/\/yoopies.fi\/c\/wp-json\/wp\/v2\/media\/79"}],"wp:attachment":[{"href":"https:\/\/yoopies.fi\/c\/wp-json\/wp\/v2\/media?parent=75"}],"curies":[{"name":"wp","href":"https:\/\/api.w.org\/{rel}","templated":true}]}}