{"id":69,"date":"2022-03-16T16:20:04","date_gmt":"2022-03-16T16:20:04","guid":{"rendered":"https:\/\/blog.yoopies.fi\/kotitalousvahennys\/"},"modified":"2025-06-12T08:44:37","modified_gmt":"2025-06-12T08:44:37","slug":"kotitalousvahennys","status":"publish","type":"page","link":"https:\/\/yoopies.fi\/c\/kotitalousvahennys\/","title":{"rendered":"Kotitalousv\u00e4hennys, miten se toimii?"},"content":{"rendered":"<p><h3>Mik&auml; on kotitalousv&auml;hennys? <\/h3>\n<p><strong><br \/>\n<\/strong>Kotitalousv&auml;hennys = palveluita kotiin 60% edullisimmin. Kotitalousv&auml;hennys on siis verov&auml;hennys, joka tehd&auml;&auml;n ansio- ja p&auml;&auml;omatulojen verotuksessa. <strong>Muista siis ilmoittaa kotitalousv&auml;hennykset verottajalle, sill&auml; se on v&auml;hennyskelpoinen palvelu.<\/strong> Voit k&auml;ytt&auml;&auml; kotitalousv&auml;hennyst&auml; palveluihin, mitk&auml; yleens&auml; toimivat kotisi sis&auml;ll&auml;. Kotitalousv&auml;hennyksell&auml; halutaan parantaa arkea, mik&auml; onkaan parempaa, kuin hy&ouml;dynt&auml;&auml; t&auml;t&auml; v&auml;hennyst&auml; mutta samalla saada apua arkeen = enemm&auml;n aikaa itsellesi perheellesi. Voit palkata henkil&ouml;n tekem&auml;&auml;n kotitalousv&auml;hennykseen sopivia t&ouml;it&auml;, jolloin ty&ouml;nantajana suorittamasi pakolliset maksut ja osa maksamastasi palkasta ovat kotitalousv&auml;hennyskelpoisia.<\/p>\n<\/p>\n<figure><img decoding=\"async\" src=\"https:\/\/yoopies.fi\/c\/wp-content\/uploads\/sites\/8\/2022\/03\/84f52398-98c2-4fb0-a1b6-507bb7cc757a-helperchoicepresspage.jpg\" \/><\/figure>\n<p><h2>Kotitalousv&auml;hennys 2022<\/h2>\n<\/p>\n<p>T&auml;lle vuodelle 2022 sek&auml; my&ouml;s ensi vuodelle 2023 on esitetty muutoksia kotitalousv&auml;hennyksen osalta. Kotitalousv&auml;hennyst&auml; saa siis 60% tehdyn ty&ouml;n osalta. Ty&ouml;ntekij&auml;n palkasta voit v&auml;hent&auml;&auml; 30% sek&auml; palkkaan liittyvist&auml; sivukuluista 100%. Kotitalousv&auml;hennys toimii 3500&euro; asti henkil&ouml;&auml; kohden, pariskunta voi siis hy&ouml;dynt&auml;&auml; kotitalousv&auml;hennyst&auml; kummallekkin osapuolelle. Kotitalousv&auml;hennyksen omavastuu on 100&euro; my&ouml;s t&auml;n&auml; vuonna. <\/p>\n<\/p>\n<figure><img decoding=\"async\" src=\"https:\/\/yoopies.fi\/c\/wp-content\/uploads\/sites\/8\/2022\/03\/81744199-676c-4e4f-ac4b-13513df6d5aa-kelly-sikkema-djcvoquzxf0-unsplash28129.jpg\" \/><\/figure>\n<p><h2>Mihin kodinpalveluihin voin hy&ouml;dynt&auml;&auml; kotitalousv&auml;hennyst&auml;?<br \/>\n<\/h2>\n<p>Voit hy&ouml;dynt&auml;&auml; kotitalousv&auml;hennyst&auml; <\/p>\n<p>\ud83e\uddfd Siivous- ja kodinhuolollisiin palveluihin <\/p>\n<p>\ud83d\udc95 Hoiva- ja hoitopalveluihin<\/p>\n<p><a href=\"https:\/\/yoopies.fi\/\">Yoopieksen<\/a> palveluista voit siis hy&ouml;dynt&auml;&auml; kotitalousv&auml;hennyst&auml; <a href=\"https:\/\/yoopies.fi\/vanhustenhoito\">vanhustenhoitoon sek&auml; henkil&ouml;kohtaiseen avustamiseen,<\/a> <a href=\"https:\/\/yoopies.fi\/siivous\">siivoukseen<\/a> sek&auml; <a href=\"https:\/\/yoopies.fi\/lastenhoito\">lastenhoitoon.<\/a><br \/>\nVoit my&ouml;s hy&ouml;dynt&auml;&auml; kotitalousv&auml;hennyst&auml; esimerkiksi m&ouml;kkisi siivoukseen. <\/p>\n<p>Huomioithan, ett&auml; et voi k&auml;ytt&auml;&auml; kotitalousv&auml;hennyst&auml; palveluun, jos saat kyseiseen palveluun jo toista tukea.<\/p>\n<p> Esimerkisi jos saat lasenhoitoon lasten kotihoidontukea, et voi hy&ouml;dynt&auml;&auml; kotitalousv&auml;hennyst&auml; lastenhoitoon. Muita samankaltaisia tukia ovat esimerkiksi omaishoidontuki &amp; yksityishoidontuki. <\/p>\n<p>\n<strong><br \/>\n<\/strong><\/p>\n<\/p>\n<figure><img decoding=\"async\" src=\"https:\/\/yoopies.fi\/c\/wp-content\/uploads\/sites\/8\/2022\/03\/457cdd9b-2ab1-4015-9c28-205a8302c351-pexels-andrea-piacquadio-379166428129.jpg\" \/><\/figure>\n<p><h2>Miten ja miss&auml; kotitalousv&auml;hennys ilmoitetaan? <br \/>\n<\/h2>\n<p>Kotitalousv&auml;hennys ilmoitetaan verottajalle. Voit ilmoittaa sen verokortillasi, veroilmoituksessa tai <a href=\"https:\/\/www.palkka.fi\/\">palkka.fi<\/a> sivustolla. Jos kyse on yksitt&auml;isest&auml; ty&ouml;suoritksesta, voit ilmoittaa kotitalousv&auml;hennyksen tiedot OmaVero-palvelussa. Tai voit pit&auml;&auml; kirjaa kokovuoden ty&ouml;suorituksista ja ilmoittaa kaikki kerralla veroilmoituksessa. Kotitalousv&auml;hennyksen saa sen maksanut henkil&ouml;, kannattaakin siis jakaa kotitalousv&auml;hennyksen ilmoittamista perheen kesken, jotta voitte hy&ouml;ty&auml; siit&auml; enemm&auml;n. <\/p><\/p>\n","protected":false},"excerpt":{"rendered":"<p>Mik&auml; on kotitalousv&auml;hennys? Kotitalousv&auml;hennys = palveluita kotiin 60% edullisimmin. Kotitalousv&auml;hennys on siis verov&auml;hennys, joka tehd&auml;&auml;n ansio- ja p&auml;&auml;omatulojen verotuksessa. Muista siis ilmoittaa kotitalousv&auml;hennykset verottajalle, sill&auml; se on v&auml;hennyskelpoinen palvelu. Voit k&auml;ytt&auml;&auml; kotitalousv&auml;hennyst&auml; palveluihin, mitk&auml; yleens&auml; toimivat kotisi sis&auml;ll&auml;. Kotitalousv&auml;hennyksell&auml; halutaan parantaa arkea, mik&auml; onkaan parempaa, kuin hy&ouml;dynt&auml;&auml; t&auml;t&auml; v&auml;hennyst&auml; mutta samalla saada apua arkeen = [&hellip;]<\/p>\n","protected":false},"author":10,"featured_media":73,"parent":0,"menu_order":0,"comment_status":"closed","ping_status":"closed","template":"","meta":{"_acf_changed":false,"footnotes":""},"class_list":["post-69","page","type-page","status-publish","has-post-thumbnail","hentry"],"acf":[],"yoast_head":"<!-- This site is optimized with the Yoast SEO plugin v26.9 - https:\/\/yoast.com\/product\/yoast-seo-wordpress\/ -->\n<title>Kotitalousv\u00e4hennys 2022 | Miten kotitalousv\u00e4hennys toimii?<\/title>\n<meta name=\"description\" content=\"Kotitalousv\u00e4hennys 2022. Mik\u00e4 on kotitalousv\u00e4hennys? Kuinka ilmoitan kotitalousv\u00e4hennyksen. Lue kaikki hy\u00f6dyllinen tieto t\u00e4st\u00e4 verohelpotuksesta. | Yoopies\" \/>\n<meta name=\"robots\" content=\"index, follow, max-snippet:-1, max-image-preview:large, max-video-preview:-1\" \/>\n<link rel=\"canonical\" href=\"https:\/\/yoopies.fi\/c\/kotitalousvahennys\/\" \/>\n<meta property=\"og:locale\" content=\"fi_FI\" \/>\n<meta property=\"og:type\" content=\"article\" \/>\n<meta property=\"og:title\" content=\"Kotitalousv\u00e4hennys 2022 | Miten kotitalousv\u00e4hennys toimii?\" \/>\n<meta property=\"og:description\" content=\"Kotitalousv\u00e4hennys 2022. Mik\u00e4 on kotitalousv\u00e4hennys? Kuinka ilmoitan kotitalousv\u00e4hennyksen. Lue kaikki hy\u00f6dyllinen tieto t\u00e4st\u00e4 verohelpotuksesta. | Yoopies\" \/>\n<meta property=\"og:url\" content=\"https:\/\/yoopies.fi\/c\/kotitalousvahennys\/\" \/>\n<meta property=\"og:site_name\" content=\"Yoopies Suomi\" \/>\n<meta property=\"article:modified_time\" content=\"2025-06-12T08:44:37+00:00\" \/>\n<meta property=\"og:image\" content=\"https:\/\/yoopies.fi\/c\/wp-content\/uploads\/sites\/8\/2022\/03\/5c8d9cdf-1150-44dc-9b4e-f926720c5c51-pexels-alex-green-5691815-1.jpg\" \/>\n\t<meta property=\"og:image:width\" content=\"1200\" \/>\n\t<meta property=\"og:image:height\" content=\"800\" \/>\n\t<meta property=\"og:image:type\" content=\"image\/jpeg\" \/>\n<meta name=\"twitter:card\" content=\"summary_large_image\" \/>\n<meta name=\"twitter:label1\" content=\"Arvioitu lukuaika\" \/>\n\t<meta name=\"twitter:data1\" content=\"2 minuuttia\" \/>\n<script type=\"application\/ld+json\" class=\"yoast-schema-graph\">{\"@context\":\"https:\/\/schema.org\",\"@graph\":[{\"@type\":\"WebPage\",\"@id\":\"https:\/\/yoopies.fi\/c\/kotitalousvahennys\/\",\"url\":\"https:\/\/yoopies.fi\/c\/kotitalousvahennys\/\",\"name\":\"Kotitalousv\u00e4hennys 2022 | Miten kotitalousv\u00e4hennys toimii?\",\"isPartOf\":{\"@id\":\"https:\/\/yoopies.fi\/c\/#website\"},\"primaryImageOfPage\":{\"@id\":\"https:\/\/yoopies.fi\/c\/kotitalousvahennys\/#primaryimage\"},\"image\":{\"@id\":\"https:\/\/yoopies.fi\/c\/kotitalousvahennys\/#primaryimage\"},\"thumbnailUrl\":\"https:\/\/yoopies.fi\/c\/wp-content\/uploads\/sites\/8\/2022\/03\/5c8d9cdf-1150-44dc-9b4e-f926720c5c51-pexels-alex-green-5691815-1.jpg\",\"datePublished\":\"2022-03-16T16:20:04+00:00\",\"dateModified\":\"2025-06-12T08:44:37+00:00\",\"description\":\"Kotitalousv\u00e4hennys 2022. Mik\u00e4 on kotitalousv\u00e4hennys? Kuinka ilmoitan kotitalousv\u00e4hennyksen. Lue kaikki hy\u00f6dyllinen tieto t\u00e4st\u00e4 verohelpotuksesta. | Yoopies\",\"breadcrumb\":{\"@id\":\"https:\/\/yoopies.fi\/c\/kotitalousvahennys\/#breadcrumb\"},\"inLanguage\":\"fi\",\"potentialAction\":[{\"@type\":\"ReadAction\",\"target\":[\"https:\/\/yoopies.fi\/c\/kotitalousvahennys\/\"]}]},{\"@type\":\"ImageObject\",\"inLanguage\":\"fi\",\"@id\":\"https:\/\/yoopies.fi\/c\/kotitalousvahennys\/#primaryimage\",\"url\":\"https:\/\/yoopies.fi\/c\/wp-content\/uploads\/sites\/8\/2022\/03\/5c8d9cdf-1150-44dc-9b4e-f926720c5c51-pexels-alex-green-5691815-1.jpg\",\"contentUrl\":\"https:\/\/yoopies.fi\/c\/wp-content\/uploads\/sites\/8\/2022\/03\/5c8d9cdf-1150-44dc-9b4e-f926720c5c51-pexels-alex-green-5691815-1.jpg\",\"width\":1200,\"height\":800},{\"@type\":\"BreadcrumbList\",\"@id\":\"https:\/\/yoopies.fi\/c\/kotitalousvahennys\/#breadcrumb\",\"itemListElement\":[{\"@type\":\"ListItem\",\"position\":1,\"name\":\"Home\",\"item\":\"https:\/\/yoopies.fi\/c\/\"},{\"@type\":\"ListItem\",\"position\":2,\"name\":\"Kotitalousv\u00e4hennys, miten se toimii?\"}]},{\"@type\":\"WebSite\",\"@id\":\"https:\/\/yoopies.fi\/c\/#website\",\"url\":\"https:\/\/yoopies.fi\/c\/\",\"name\":\"Yoopies Suomi\",\"description\":\"\",\"potentialAction\":[{\"@type\":\"SearchAction\",\"target\":{\"@type\":\"EntryPoint\",\"urlTemplate\":\"https:\/\/yoopies.fi\/c\/?s={search_term_string}\"},\"query-input\":{\"@type\":\"PropertyValueSpecification\",\"valueRequired\":true,\"valueName\":\"search_term_string\"}}],\"inLanguage\":\"fi\"}]}<\/script>\n<!-- \/ Yoast SEO plugin. -->","yoast_head_json":{"title":"Kotitalousv\u00e4hennys 2022 | Miten kotitalousv\u00e4hennys toimii?","description":"Kotitalousv\u00e4hennys 2022. Mik\u00e4 on kotitalousv\u00e4hennys? Kuinka ilmoitan kotitalousv\u00e4hennyksen. Lue kaikki hy\u00f6dyllinen tieto t\u00e4st\u00e4 verohelpotuksesta. | Yoopies","robots":{"index":"index","follow":"follow","max-snippet":"max-snippet:-1","max-image-preview":"max-image-preview:large","max-video-preview":"max-video-preview:-1"},"canonical":"https:\/\/yoopies.fi\/c\/kotitalousvahennys\/","og_locale":"fi_FI","og_type":"article","og_title":"Kotitalousv\u00e4hennys 2022 | Miten kotitalousv\u00e4hennys toimii?","og_description":"Kotitalousv\u00e4hennys 2022. Mik\u00e4 on kotitalousv\u00e4hennys? Kuinka ilmoitan kotitalousv\u00e4hennyksen. Lue kaikki hy\u00f6dyllinen tieto t\u00e4st\u00e4 verohelpotuksesta. | Yoopies","og_url":"https:\/\/yoopies.fi\/c\/kotitalousvahennys\/","og_site_name":"Yoopies Suomi","article_modified_time":"2025-06-12T08:44:37+00:00","og_image":[{"width":1200,"height":800,"url":"https:\/\/yoopies.fi\/c\/wp-content\/uploads\/sites\/8\/2022\/03\/5c8d9cdf-1150-44dc-9b4e-f926720c5c51-pexels-alex-green-5691815-1.jpg","type":"image\/jpeg"}],"twitter_card":"summary_large_image","twitter_misc":{"Arvioitu lukuaika":"2 minuuttia"},"schema":{"@context":"https:\/\/schema.org","@graph":[{"@type":"WebPage","@id":"https:\/\/yoopies.fi\/c\/kotitalousvahennys\/","url":"https:\/\/yoopies.fi\/c\/kotitalousvahennys\/","name":"Kotitalousv\u00e4hennys 2022 | Miten kotitalousv\u00e4hennys toimii?","isPartOf":{"@id":"https:\/\/yoopies.fi\/c\/#website"},"primaryImageOfPage":{"@id":"https:\/\/yoopies.fi\/c\/kotitalousvahennys\/#primaryimage"},"image":{"@id":"https:\/\/yoopies.fi\/c\/kotitalousvahennys\/#primaryimage"},"thumbnailUrl":"https:\/\/yoopies.fi\/c\/wp-content\/uploads\/sites\/8\/2022\/03\/5c8d9cdf-1150-44dc-9b4e-f926720c5c51-pexels-alex-green-5691815-1.jpg","datePublished":"2022-03-16T16:20:04+00:00","dateModified":"2025-06-12T08:44:37+00:00","description":"Kotitalousv\u00e4hennys 2022. Mik\u00e4 on kotitalousv\u00e4hennys? Kuinka ilmoitan kotitalousv\u00e4hennyksen. Lue kaikki hy\u00f6dyllinen tieto t\u00e4st\u00e4 verohelpotuksesta. | Yoopies","breadcrumb":{"@id":"https:\/\/yoopies.fi\/c\/kotitalousvahennys\/#breadcrumb"},"inLanguage":"fi","potentialAction":[{"@type":"ReadAction","target":["https:\/\/yoopies.fi\/c\/kotitalousvahennys\/"]}]},{"@type":"ImageObject","inLanguage":"fi","@id":"https:\/\/yoopies.fi\/c\/kotitalousvahennys\/#primaryimage","url":"https:\/\/yoopies.fi\/c\/wp-content\/uploads\/sites\/8\/2022\/03\/5c8d9cdf-1150-44dc-9b4e-f926720c5c51-pexels-alex-green-5691815-1.jpg","contentUrl":"https:\/\/yoopies.fi\/c\/wp-content\/uploads\/sites\/8\/2022\/03\/5c8d9cdf-1150-44dc-9b4e-f926720c5c51-pexels-alex-green-5691815-1.jpg","width":1200,"height":800},{"@type":"BreadcrumbList","@id":"https:\/\/yoopies.fi\/c\/kotitalousvahennys\/#breadcrumb","itemListElement":[{"@type":"ListItem","position":1,"name":"Home","item":"https:\/\/yoopies.fi\/c\/"},{"@type":"ListItem","position":2,"name":"Kotitalousv\u00e4hennys, miten se toimii?"}]},{"@type":"WebSite","@id":"https:\/\/yoopies.fi\/c\/#website","url":"https:\/\/yoopies.fi\/c\/","name":"Yoopies Suomi","description":"","potentialAction":[{"@type":"SearchAction","target":{"@type":"EntryPoint","urlTemplate":"https:\/\/yoopies.fi\/c\/?s={search_term_string}"},"query-input":{"@type":"PropertyValueSpecification","valueRequired":true,"valueName":"search_term_string"}}],"inLanguage":"fi"}]}},"_links":{"self":[{"href":"https:\/\/yoopies.fi\/c\/wp-json\/wp\/v2\/pages\/69","targetHints":{"allow":["GET"]}}],"collection":[{"href":"https:\/\/yoopies.fi\/c\/wp-json\/wp\/v2\/pages"}],"about":[{"href":"https:\/\/yoopies.fi\/c\/wp-json\/wp\/v2\/types\/page"}],"author":[{"embeddable":true,"href":"https:\/\/yoopies.fi\/c\/wp-json\/wp\/v2\/users\/10"}],"replies":[{"embeddable":true,"href":"https:\/\/yoopies.fi\/c\/wp-json\/wp\/v2\/comments?post=69"}],"version-history":[{"count":1,"href":"https:\/\/yoopies.fi\/c\/wp-json\/wp\/v2\/pages\/69\/revisions"}],"predecessor-version":[{"id":74,"href":"https:\/\/yoopies.fi\/c\/wp-json\/wp\/v2\/pages\/69\/revisions\/74"}],"wp:featuredmedia":[{"embeddable":true,"href":"https:\/\/yoopies.fi\/c\/wp-json\/wp\/v2\/media\/73"}],"wp:attachment":[{"href":"https:\/\/yoopies.fi\/c\/wp-json\/wp\/v2\/media?parent=69"}],"curies":[{"name":"wp","href":"https:\/\/api.w.org\/{rel}","templated":true}]}}