{"id":59,"date":"2022-03-21T15:39:43","date_gmt":"2022-03-21T15:39:43","guid":{"rendered":"https:\/\/blog.yoopies.fi\/lastenhoitajan-tyosopimus\/"},"modified":"2025-06-12T08:44:37","modified_gmt":"2025-06-12T08:44:37","slug":"lastenhoitajan-tyosopimus","status":"publish","type":"page","link":"https:\/\/yoopies.fi\/c\/lastenhoitajan-tyosopimus\/","title":{"rendered":"Lastenhoitajan ty\u00f6sopimus: Kuinka laadin ty\u00f6sopimuksen?"},"content":{"rendered":"<p><h4>Mik&auml; on ty&ouml;sopimus? <\/h4>\n<\/p>\n<p>Ty&ouml;sopimus on perussopimus, jolla sitoudutaan tekem&auml;&auml;n sopimuksen mukaista ty&ouml;t&auml;. <\/p>\n<p>Oletko juuri l&ouml;yt&auml;nyt kenties ensimm&auml;isen lastenhoitajan perheellesi? Osa- tai kokoaikaisen perhep&auml;iv&auml;hoitajan voit l&ouml;yt&auml;&auml; <a href=\"https:\/\/yoopies.fi\/\">Yoopies <\/a>sivustolta l&auml;helt&auml; omaa asuinaluettasi omien kriteereidesi mukaan.<\/p>\n<p> Nyt varmaan mietit sopimuksellisia asioita, tarvitseeko sopimusta tehd&auml; ja miten se kannattaa laatia, jotta se olisi mahdollisimman oikeudenmukainen kummallekkin osapuolelle. <\/p>\n<p>Ty&ouml;sopimus ei ole pakollinen, mutta se on hyvin suositeltavaa. N&auml;in sin&auml; ja lastenhoitajasi pysytte perill&auml;, mit&auml; olette sopineet. Ty&ouml;sopimuksen voi tehd&auml; suullisesti, mutta kirjallinen vaihtoehto on aina luotettavampi vaihtoehto. <\/p>\n<\/p>\n<figure><img decoding=\"async\" src=\"https:\/\/yoopies.fi\/c\/wp-content\/uploads\/sites\/8\/2022\/03\/89e306bb-d4ca-44a0-8cf1-23bff2172e3d-pexels-fauxels-318446528129.jpg\" \/><\/figure>\n<p><h4>Mit&auml; ty&ouml;sopimus sis&auml;lt&auml;&auml;? <\/h4>\n<\/p>\n<p>Ty&ouml;sopimuksen tulisi sis&auml;lt&auml;&auml; odotukset ty&ouml;t&auml; kohtaan sek&auml; kaikki yksityiskohtaiset tiedot, mitk&auml; ovat t&auml;rkeit&auml; molempien osapuolten kannalta.\n<\/p>\n<p>Kun laadit ty&ouml;sopimuksen tarkista, oletko sis&auml;llytt&auml;nyt ainakin n&auml;m&auml; tiedot kirjallisesti: <\/p>\n<ul>\n<li> <strong>Ty&ouml;n velvollisuudet<\/strong><\/li>\n<\/ul>\n<p>Mitk&auml; ovat lastenhoitajan p&auml;&auml;ty&ouml;teht&auml;v&auml;t? Yleisimpi&auml; lastenhoitajan teht&auml;vi&auml; ovat lasten hoitaminen sek&auml; ulkoilu heid&auml;n kanssaan, kouluun ja tai harrastuuksiin kuljettaminen autolla tai muulla kulkuv&auml;lineell&auml;, pienet siivousteht&auml;v&auml;t sek&auml; kotil&auml;ksyiss&auml; avustaminen. T&auml;h&auml;n kohtaan voit my&ouml;s sis&auml;llytt&auml;&auml; odotetut ty&ouml;skentelytunnit p&auml;iv&auml;ss&auml;\/viikossa. Jos joskus lastenhoitajan tunnit saattavat menn&auml; &#8221;ylit&ouml;iksi&#8221; kannattaa siit&auml; my&ouml;s mainita. <\/p>\n<ul>\n<li><strong>Palkkatiedot <\/strong><\/li>\n<\/ul>\n<p>Palkasta sovitte aina lastenhoitajan kanssa. Palkkatietoihin on my&ouml;s hyv&auml; sis&auml;llytt&auml;&auml; tieto milloin palkka maksetaan. Sopimuksessa on hyv&auml; ilmoittaa maksatko palkan jokaisen ty&ouml;p&auml;iv&auml;n j&auml;lkeen tai esimerkiksi viikottain tai kuukausittain. Palkkatietoihin voit my&ouml;s sis&auml;llytt&auml;&auml; mahdolliset ilta\/y&ouml;lis&auml;t sek&auml; onko sovittu palkka korkeampi esimerkiksi pyh&auml;p&auml;ivien aikana. <\/p>\n<ul>\n<li><strong>Perheen k&auml;yt&auml;nn&ouml;t<\/strong><\/li>\n<\/ul>\n<p>Ty&ouml;sopimukseen kannattaa my&ouml;s ilmoittaa jos perheess&auml;nne on k&auml;yt&auml;nt&ouml;j&auml;, joita toivot ett&auml; lastenhoitaja noudattaa lasten kanssa. Jos toivot, ett&auml; lasten kanssa leikit&auml;&auml;n ja pelataan ilman puhelimia tai televisiota, kannattaa t&auml;st&auml; ilmoittaa suullisesti tai kirjallisesti sopimuksessa. Voit my&ouml;s kutsua lastenhoitajan tutustumiskerralle, miss&auml; kerrot tarkemmin k&auml;yt&auml;nn&ouml;ist&auml;si luonanne. Kannattaa my&ouml;s kertoa\/mainita ty&ouml;sopimuksessa toimintamallit mahdollisissa h&auml;t&auml;tilanteissa. <\/p>\n<ul>\n<li><strong>Sopimuksen kesto<\/strong><\/li>\n<\/ul>\n<p>On t&auml;rke&auml;&auml; mainita milloin sopimus on astunut voimaan. Jos tarvitset tilap&auml;iseen lastenhoitoon lastenhoitajan esimerkiksi kes&auml;n ajaksi, on hyv&auml; ilmoittaa my&ouml;s sopimuksen p&auml;&auml;ttymisp&auml;iv&auml;. Jos haluat, ett&auml; sopimus on toistaiseksi voimassaoleva, t&auml;ss&auml; tapauksessa sinun ei tarvitse ilmoittaa p&auml;&auml;ttymisp&auml;iv&auml;&auml;. <\/p>\n<ul>\n<li><strong>Sopimuksen purkaminen <\/strong><\/li>\n<\/ul>\n<p>Jotta sopimus olisi mahdollisimman reilu molemmille osapuolille, kannattaa ilmoittaa mink&auml;laisella varoitusajalla ty&ouml;suhteen voi purkaa. My&ouml;s jos l&auml;hitulevaisuudessa aikatauluihisi tai muihin asioihin on tulossa muutoksia kannattaa ilmoittaa siit&auml; my&ouml;s sopimuksessa. <\/p>\n<\/p>\n<\/p>\n<figure><img decoding=\"async\" src=\"https:\/\/yoopies.fi\/c\/wp-content\/uploads\/sites\/8\/2022\/03\/5c8d9cdf-1150-44dc-9b4e-f926720c5c51-pexels-alex-green-5691815.jpg\" \/><\/figure>\n","protected":false},"excerpt":{"rendered":"<p>Mik&auml; on ty&ouml;sopimus? Ty&ouml;sopimus on perussopimus, jolla sitoudutaan tekem&auml;&auml;n sopimuksen mukaista ty&ouml;t&auml;. Oletko juuri l&ouml;yt&auml;nyt kenties ensimm&auml;isen lastenhoitajan perheellesi? Osa- tai kokoaikaisen perhep&auml;iv&auml;hoitajan voit l&ouml;yt&auml;&auml; Yoopies sivustolta l&auml;helt&auml; omaa asuinaluettasi omien kriteereidesi mukaan. Nyt varmaan mietit sopimuksellisia asioita, tarvitseeko sopimusta tehd&auml; ja miten se kannattaa laatia, jotta se olisi mahdollisimman oikeudenmukainen kummallekkin osapuolelle. Ty&ouml;sopimus ei [&hellip;]<\/p>\n","protected":false},"author":10,"featured_media":62,"parent":0,"menu_order":0,"comment_status":"closed","ping_status":"closed","template":"","meta":{"_acf_changed":false,"footnotes":""},"class_list":["post-59","page","type-page","status-publish","has-post-thumbnail","hentry"],"acf":[],"yoast_head":"<!-- This site is optimized with the Yoast SEO plugin v26.9 - https:\/\/yoast.com\/product\/yoast-seo-wordpress\/ -->\n<title>Lastenhoitajan ty\u00f6sopimus | Mit\u00e4 kannattaa ottaa huomioon sopmusta laatiessa? | Yoopies<\/title>\n<meta name=\"description\" content=\"Lastenhoitajan ty\u00f6sopimus, mihin kaikkeen kannattaa kiinnitt\u00e4\u00e4 huomiota? Mik\u00e4 on ty\u00f6sopimus ja mit\u00e4 minun tulisi sis\u00e4llytt\u00e4\u00e4 ty\u00f6sopimukseen? Lue lis\u00e4\u00e4 artikkelistamme. | Yoopies\" \/>\n<meta name=\"robots\" content=\"index, follow, max-snippet:-1, max-image-preview:large, max-video-preview:-1\" \/>\n<link rel=\"canonical\" href=\"https:\/\/yoopies.fi\/c\/lastenhoitajan-tyosopimus\/\" \/>\n<meta property=\"og:locale\" content=\"fi_FI\" \/>\n<meta property=\"og:type\" content=\"article\" \/>\n<meta property=\"og:title\" content=\"Lastenhoitajan ty\u00f6sopimus | Mit\u00e4 kannattaa ottaa huomioon sopmusta laatiessa? | Yoopies\" \/>\n<meta property=\"og:description\" content=\"Lastenhoitajan ty\u00f6sopimus, mihin kaikkeen kannattaa kiinnitt\u00e4\u00e4 huomiota? Mik\u00e4 on ty\u00f6sopimus ja mit\u00e4 minun tulisi sis\u00e4llytt\u00e4\u00e4 ty\u00f6sopimukseen? Lue lis\u00e4\u00e4 artikkelistamme. | Yoopies\" \/>\n<meta property=\"og:url\" content=\"https:\/\/yoopies.fi\/c\/lastenhoitajan-tyosopimus\/\" \/>\n<meta property=\"og:site_name\" content=\"Yoopies Suomi\" \/>\n<meta property=\"article:modified_time\" content=\"2025-06-12T08:44:37+00:00\" \/>\n<meta property=\"og:image\" content=\"https:\/\/yoopies.fi\/c\/wp-content\/uploads\/sites\/8\/2022\/03\/61505023-9759-4748-a74c-00a52d440464-pexels-artem-podrez-449212928129.jpg\" \/>\n\t<meta property=\"og:image:width\" content=\"1200\" \/>\n\t<meta property=\"og:image:height\" content=\"675\" \/>\n\t<meta property=\"og:image:type\" content=\"image\/jpeg\" \/>\n<meta name=\"twitter:card\" content=\"summary_large_image\" \/>\n<meta name=\"twitter:label1\" content=\"Arvioitu lukuaika\" \/>\n\t<meta name=\"twitter:data1\" content=\"3 minuuttia\" \/>\n<script type=\"application\/ld+json\" class=\"yoast-schema-graph\">{\"@context\":\"https:\/\/schema.org\",\"@graph\":[{\"@type\":\"WebPage\",\"@id\":\"https:\/\/yoopies.fi\/c\/lastenhoitajan-tyosopimus\/\",\"url\":\"https:\/\/yoopies.fi\/c\/lastenhoitajan-tyosopimus\/\",\"name\":\"Lastenhoitajan ty\u00f6sopimus | Mit\u00e4 kannattaa ottaa huomioon sopmusta laatiessa? | Yoopies\",\"isPartOf\":{\"@id\":\"https:\/\/yoopies.fi\/c\/#website\"},\"primaryImageOfPage\":{\"@id\":\"https:\/\/yoopies.fi\/c\/lastenhoitajan-tyosopimus\/#primaryimage\"},\"image\":{\"@id\":\"https:\/\/yoopies.fi\/c\/lastenhoitajan-tyosopimus\/#primaryimage\"},\"thumbnailUrl\":\"https:\/\/yoopies.fi\/c\/wp-content\/uploads\/sites\/8\/2022\/03\/61505023-9759-4748-a74c-00a52d440464-pexels-artem-podrez-449212928129.jpg\",\"datePublished\":\"2022-03-21T15:39:43+00:00\",\"dateModified\":\"2025-06-12T08:44:37+00:00\",\"description\":\"Lastenhoitajan ty\u00f6sopimus, mihin kaikkeen kannattaa kiinnitt\u00e4\u00e4 huomiota? Mik\u00e4 on ty\u00f6sopimus ja mit\u00e4 minun tulisi sis\u00e4llytt\u00e4\u00e4 ty\u00f6sopimukseen? Lue lis\u00e4\u00e4 artikkelistamme. | Yoopies\",\"breadcrumb\":{\"@id\":\"https:\/\/yoopies.fi\/c\/lastenhoitajan-tyosopimus\/#breadcrumb\"},\"inLanguage\":\"fi\",\"potentialAction\":[{\"@type\":\"ReadAction\",\"target\":[\"https:\/\/yoopies.fi\/c\/lastenhoitajan-tyosopimus\/\"]}]},{\"@type\":\"ImageObject\",\"inLanguage\":\"fi\",\"@id\":\"https:\/\/yoopies.fi\/c\/lastenhoitajan-tyosopimus\/#primaryimage\",\"url\":\"https:\/\/yoopies.fi\/c\/wp-content\/uploads\/sites\/8\/2022\/03\/61505023-9759-4748-a74c-00a52d440464-pexels-artem-podrez-449212928129.jpg\",\"contentUrl\":\"https:\/\/yoopies.fi\/c\/wp-content\/uploads\/sites\/8\/2022\/03\/61505023-9759-4748-a74c-00a52d440464-pexels-artem-podrez-449212928129.jpg\",\"width\":1200,\"height\":675},{\"@type\":\"BreadcrumbList\",\"@id\":\"https:\/\/yoopies.fi\/c\/lastenhoitajan-tyosopimus\/#breadcrumb\",\"itemListElement\":[{\"@type\":\"ListItem\",\"position\":1,\"name\":\"Home\",\"item\":\"https:\/\/yoopies.fi\/c\/\"},{\"@type\":\"ListItem\",\"position\":2,\"name\":\"Lastenhoitajan ty\u00f6sopimus: Kuinka laadin ty\u00f6sopimuksen?\"}]},{\"@type\":\"WebSite\",\"@id\":\"https:\/\/yoopies.fi\/c\/#website\",\"url\":\"https:\/\/yoopies.fi\/c\/\",\"name\":\"Yoopies Suomi\",\"description\":\"\",\"potentialAction\":[{\"@type\":\"SearchAction\",\"target\":{\"@type\":\"EntryPoint\",\"urlTemplate\":\"https:\/\/yoopies.fi\/c\/?s={search_term_string}\"},\"query-input\":{\"@type\":\"PropertyValueSpecification\",\"valueRequired\":true,\"valueName\":\"search_term_string\"}}],\"inLanguage\":\"fi\"}]}<\/script>\n<!-- \/ Yoast SEO plugin. -->","yoast_head_json":{"title":"Lastenhoitajan ty\u00f6sopimus | Mit\u00e4 kannattaa ottaa huomioon sopmusta laatiessa? | Yoopies","description":"Lastenhoitajan ty\u00f6sopimus, mihin kaikkeen kannattaa kiinnitt\u00e4\u00e4 huomiota? Mik\u00e4 on ty\u00f6sopimus ja mit\u00e4 minun tulisi sis\u00e4llytt\u00e4\u00e4 ty\u00f6sopimukseen? Lue lis\u00e4\u00e4 artikkelistamme. | Yoopies","robots":{"index":"index","follow":"follow","max-snippet":"max-snippet:-1","max-image-preview":"max-image-preview:large","max-video-preview":"max-video-preview:-1"},"canonical":"https:\/\/yoopies.fi\/c\/lastenhoitajan-tyosopimus\/","og_locale":"fi_FI","og_type":"article","og_title":"Lastenhoitajan ty\u00f6sopimus | Mit\u00e4 kannattaa ottaa huomioon sopmusta laatiessa? | Yoopies","og_description":"Lastenhoitajan ty\u00f6sopimus, mihin kaikkeen kannattaa kiinnitt\u00e4\u00e4 huomiota? Mik\u00e4 on ty\u00f6sopimus ja mit\u00e4 minun tulisi sis\u00e4llytt\u00e4\u00e4 ty\u00f6sopimukseen? Lue lis\u00e4\u00e4 artikkelistamme. | Yoopies","og_url":"https:\/\/yoopies.fi\/c\/lastenhoitajan-tyosopimus\/","og_site_name":"Yoopies Suomi","article_modified_time":"2025-06-12T08:44:37+00:00","og_image":[{"width":1200,"height":675,"url":"https:\/\/yoopies.fi\/c\/wp-content\/uploads\/sites\/8\/2022\/03\/61505023-9759-4748-a74c-00a52d440464-pexels-artem-podrez-449212928129.jpg","type":"image\/jpeg"}],"twitter_card":"summary_large_image","twitter_misc":{"Arvioitu lukuaika":"3 minuuttia"},"schema":{"@context":"https:\/\/schema.org","@graph":[{"@type":"WebPage","@id":"https:\/\/yoopies.fi\/c\/lastenhoitajan-tyosopimus\/","url":"https:\/\/yoopies.fi\/c\/lastenhoitajan-tyosopimus\/","name":"Lastenhoitajan ty\u00f6sopimus | Mit\u00e4 kannattaa ottaa huomioon sopmusta laatiessa? | Yoopies","isPartOf":{"@id":"https:\/\/yoopies.fi\/c\/#website"},"primaryImageOfPage":{"@id":"https:\/\/yoopies.fi\/c\/lastenhoitajan-tyosopimus\/#primaryimage"},"image":{"@id":"https:\/\/yoopies.fi\/c\/lastenhoitajan-tyosopimus\/#primaryimage"},"thumbnailUrl":"https:\/\/yoopies.fi\/c\/wp-content\/uploads\/sites\/8\/2022\/03\/61505023-9759-4748-a74c-00a52d440464-pexels-artem-podrez-449212928129.jpg","datePublished":"2022-03-21T15:39:43+00:00","dateModified":"2025-06-12T08:44:37+00:00","description":"Lastenhoitajan ty\u00f6sopimus, mihin kaikkeen kannattaa kiinnitt\u00e4\u00e4 huomiota? Mik\u00e4 on ty\u00f6sopimus ja mit\u00e4 minun tulisi sis\u00e4llytt\u00e4\u00e4 ty\u00f6sopimukseen? Lue lis\u00e4\u00e4 artikkelistamme. | Yoopies","breadcrumb":{"@id":"https:\/\/yoopies.fi\/c\/lastenhoitajan-tyosopimus\/#breadcrumb"},"inLanguage":"fi","potentialAction":[{"@type":"ReadAction","target":["https:\/\/yoopies.fi\/c\/lastenhoitajan-tyosopimus\/"]}]},{"@type":"ImageObject","inLanguage":"fi","@id":"https:\/\/yoopies.fi\/c\/lastenhoitajan-tyosopimus\/#primaryimage","url":"https:\/\/yoopies.fi\/c\/wp-content\/uploads\/sites\/8\/2022\/03\/61505023-9759-4748-a74c-00a52d440464-pexels-artem-podrez-449212928129.jpg","contentUrl":"https:\/\/yoopies.fi\/c\/wp-content\/uploads\/sites\/8\/2022\/03\/61505023-9759-4748-a74c-00a52d440464-pexels-artem-podrez-449212928129.jpg","width":1200,"height":675},{"@type":"BreadcrumbList","@id":"https:\/\/yoopies.fi\/c\/lastenhoitajan-tyosopimus\/#breadcrumb","itemListElement":[{"@type":"ListItem","position":1,"name":"Home","item":"https:\/\/yoopies.fi\/c\/"},{"@type":"ListItem","position":2,"name":"Lastenhoitajan ty\u00f6sopimus: Kuinka laadin ty\u00f6sopimuksen?"}]},{"@type":"WebSite","@id":"https:\/\/yoopies.fi\/c\/#website","url":"https:\/\/yoopies.fi\/c\/","name":"Yoopies Suomi","description":"","potentialAction":[{"@type":"SearchAction","target":{"@type":"EntryPoint","urlTemplate":"https:\/\/yoopies.fi\/c\/?s={search_term_string}"},"query-input":{"@type":"PropertyValueSpecification","valueRequired":true,"valueName":"search_term_string"}}],"inLanguage":"fi"}]}},"_links":{"self":[{"href":"https:\/\/yoopies.fi\/c\/wp-json\/wp\/v2\/pages\/59","targetHints":{"allow":["GET"]}}],"collection":[{"href":"https:\/\/yoopies.fi\/c\/wp-json\/wp\/v2\/pages"}],"about":[{"href":"https:\/\/yoopies.fi\/c\/wp-json\/wp\/v2\/types\/page"}],"author":[{"embeddable":true,"href":"https:\/\/yoopies.fi\/c\/wp-json\/wp\/v2\/users\/10"}],"replies":[{"embeddable":true,"href":"https:\/\/yoopies.fi\/c\/wp-json\/wp\/v2\/comments?post=59"}],"version-history":[{"count":1,"href":"https:\/\/yoopies.fi\/c\/wp-json\/wp\/v2\/pages\/59\/revisions"}],"predecessor-version":[{"id":63,"href":"https:\/\/yoopies.fi\/c\/wp-json\/wp\/v2\/pages\/59\/revisions\/63"}],"wp:featuredmedia":[{"embeddable":true,"href":"https:\/\/yoopies.fi\/c\/wp-json\/wp\/v2\/media\/62"}],"wp:attachment":[{"href":"https:\/\/yoopies.fi\/c\/wp-json\/wp\/v2\/media?parent=59"}],"curies":[{"name":"wp","href":"https:\/\/api.w.org\/{rel}","templated":true}]}}