{"id":53,"date":"2022-05-03T16:21:41","date_gmt":"2022-05-03T16:21:41","guid":{"rendered":"https:\/\/blog.yoopies.fi\/yksityisopetus-opas\/"},"modified":"2025-06-12T08:44:37","modified_gmt":"2025-06-12T08:44:37","slug":"yksityisopetus-opas","status":"publish","type":"page","link":"https:\/\/yoopies.fi\/c\/yksityisopetus-opas\/","title":{"rendered":"Yksityisopetus | Opas &#8211; N\u00e4in l\u00f6yd\u00e4t opettajan"},"content":{"rendered":"<p><h4>Miten yksityisopetus auttaa sinua? <\/h4>\n<\/p>\n<p>Koskaan ei ole liian my&ouml;h&auml;ist&auml; aloittaa uuden oppiminen! <a href=\"https:\/\/yoopies.fi\/yksityisopetus\">Yksityisopetus<\/a> on opiskelijal&auml;ht&ouml;inen tapa saada lis&auml;apua l&auml;ksyihin tai muihin aiheisiin tai opiskella t&auml;ysin uusi taito. <a href=\"https:\/\/yoopies.fi\/\">Yoopies<\/a> tarjoaa yli 20 eri oppiainetta, mink&auml; joukosta voit valita haluamasi palvelun. Tarjoamamme palvelut ovat esimerkiksi kieli&auml; vaikkapa <a href=\"https:\/\/yoopies.fi\/englanti\">englannin <\/a>tai <a href=\"https:\/\/yoopies.fi\/ranskan-kielen-opettaja\">ranskan <\/a>yksityisopetusta tai <a href=\"https:\/\/yoopies.fi\/taloustieteen-opettaja\">talous<\/a>&#8211; tai <a href=\"https:\/\/yoopies.fi\/tietotekniikan-opettaja\">tietotekniikan<\/a> yksityistunteja. Voit my&ouml;s halutessasi l&ouml;yt&auml;&auml; musikaallisia oppitunteja esimerkiksi <a href=\"https:\/\/yoopies.fi\/kitaransoiton-opettaja\">kitaran<\/a>&#8211; tai <a href=\"https:\/\/yoopies.fi\/pianonsoitto\">pianon<\/a>&#8211; soittotunteja. <\/p>\n<\/p>\n<figure><img decoding=\"async\" src=\"https:\/\/yoopies.fi\/c\/wp-content\/uploads\/sites\/8\/2022\/05\/52991621-cb7a-44ab-8dcd-e89ba4f74117-pexels-olia-danilevich-508818128129.jpg\" \/><\/figure>\n<p><h4>Yksityisopettaja omaan tarpeeseesi <\/h4>\n<\/p>\n<p>Mik&auml; kaikkein t&auml;rkeint&auml;, l&ouml;yd&auml; juuri sinulle sopiva yksityisopettaja tai tuutori omaan tarpeeseesi. Ei ole yhdentekev&auml;&auml;, kuka toimii sinun tai lapsesi opettajana, henkil&ouml;kemioiden kohtaaminen on my&ouml;s t&auml;rke&auml;&auml;. Yksityisopettajia Yoopies sivustolta voit l&ouml;yt&auml;&auml; moneen l&auml;ht&ouml;&ouml;n: sivustollamme on kokemuksen omaavia aineenopettajia, mutta my&ouml;s alan opiskelijoita. <\/p>\n<\/p>\n<p><strong>Suosituimpia tarpeita yksityisopetukseen ovat seuraavat, mik&auml; on oma suosikkisi? <br \/>\n<\/strong><\/p>\n<p>\ud83c\udfb9 Halu oppia uutta soittamaan uutta sointinta tai treenata vanhoja taitoja entist&auml; paremmaksi. <\/p>\n<p>\ud83d\udcdaL&auml;ksy apua koulu-ja lukiolaisille. <\/p>\n<p>\ud83c\uddeb\ud83c\uddf7 Halu oppia uusi kieli tai harjoitella lis&auml;&auml;. Sivustolla voit opiskella esimerkiksi, ki<a href=\"https:\/\/yoopies.fi\/kiina\">inaa, <\/a>es<a href=\"https:\/\/yoopies.fi\/espanjan-kielen-opettaja\">panjaa, <\/a>it<a href=\"https:\/\/yoopies.fi\/italian-kielen-opettaja\">aliaa t<\/a>ai ru<a href=\"https:\/\/yoopies.fi\/ruotsin-kielen-opettaja\">otsia.<\/a><\/p>\n<p>\nSivustomme suodattimien ansiosta yksityisopettajan l&ouml;yt&auml;minen on tehty helpoksi, valitset suodattimet omaan tarpeeseesi.<br \/>\nVoit esimerkiksi suodattaa opettajiemme kokemuksen, sijainnin tai aikataulujesi mukaan. Voit my&ouml;s halutessasi valita et&auml;opetuksen, t&auml;ss&auml; tapauksessa yksityisopetus tapahtuu web- cameran avulla.  <\/p>\n<\/p>\n<figure><img decoding=\"async\" src=\"https:\/\/yoopies.fi\/c\/wp-content\/uploads\/sites\/8\/2022\/05\/d129d6ef-f204-4576-88fd-df3dcc5e42fe-pexels-gabby-k-6238039.jpg\" \/><\/figure>\n<p><h4>Miksi yksityisopetus kannattaa? <\/h4>\n<\/p>\n<p>\u23f0 Yksityisopetus voi olla oiva ty&ouml;v&auml;line <strong>ajanhallintaan<\/strong>. Yksityisopettaja voi arvioida hyvin tarpeesi opetukseen ja n&auml;in ollen opiskelu suunnitellaan s&auml;&auml;nn&ouml;lliseksi. Opettaja voi my&ouml;s auttaa sinua keskittym&auml;&auml;n olennaiseen ja n&auml;in ollen s&auml;&auml;st&auml;t aikaasi, kun opiskelu on tehokasta. <\/p>\n<p>\ud83d\udcab Opiskelu on paljon kiinni r<strong>utiineista,<\/strong> hyv&auml;t rutiinit antavat parammat ev&auml;&auml;t uuden oppimiseen. Maksimoit oppimisen, kun opiskelet s&auml;&auml;nn&ouml;llisesti. Yoopieksen kanssa l&ouml;yd&auml;t opettajan omien aikataulujesi mukaan ja n&auml;in ollen opiskelusi on t&auml;sm&auml;llist&auml; ja s&auml;&auml;nn&ouml;llist&auml;. <\/p>\n<p>\ud83d\udd0e Yksityisopetus on j<strong>oustava vaihtoehto.<\/strong> Voit opiskella paikan p&auml;&auml;ll&auml; valitsemasi opettajan kanssa, mutta my&ouml;s et&auml;opetuksen l&ouml;ytyminen Yoopies sivustolta on mahdollista. Hybridi- opiskelu on moderni tapa opiskella. Voit omien aikataulujesi mukaan valita, milloin opiskelet et&auml;n&auml; ja milloin paikan p&auml;&auml;ll&auml;. <\/p>\n<p>\ud83d\udcad Yksityisopetus on ennakoivaa ja kertaavaa. Kotiteht&auml;vien tekeminen on t&auml;rke&auml; osa oppimista. Omien <strong>opiskelutekniikoiden o<\/strong>ppiminen voi ottaa aikaa aluksi. Kun olet sis&auml;ist&auml;nyt parhaan tavan sinulle oppimiseen, opiskelusi tulee olemaan tehokkaampaa. <\/p>\n<\/p>\n<figure><img decoding=\"async\" src=\"https:\/\/yoopies.fi\/c\/wp-content\/uploads\/sites\/8\/2022\/05\/33e7d855-d256-4533-a24c-eae3f9bec2d0-pexels-august-de-richelieu-4260325.jpg\" \/><\/figure>\n<p><h4>Yksityisopetus hinta: Paljonko yksityisopetus maksaa? <\/h4>\n<\/p>\n<p>Yksityisopetukselle ei ole kiinte&auml;&auml; hintaa, jonka vuoksi kysymykseen ei ole yht&auml; vastausta. Eniten hintaan vaikuttaa henkil&ouml;n kokemus ja koulutus. Edullisimpia yksityisopetuksen palveluita ovat l&auml;ksyapu ja muut opiskelijoiden tarjoamat oppitunnit. Kalliimpia opiskeltavia aineita ovat esimerkiksi erityisopettajien tarjoamat yksityiset aiheeseen syvemm&auml;lle menev&auml;t tunnit. Karkeasti arvioiden hinnat l&auml;htev&auml;t liikkeelle 8&euro; aina 60&euro; saakka. Parasta on se, ett&auml; voit saada yksityisopetusta oman budjettisi mukaan. <\/p>\n<\/p>\n<p>Laadukkaaseen opiskelun panostamiseen on sijoitus itseesi, antoisia opiskeluhetki&auml;! <\/p><\/p>\n","protected":false},"excerpt":{"rendered":"<p>Miten yksityisopetus auttaa sinua? Koskaan ei ole liian my&ouml;h&auml;ist&auml; aloittaa uuden oppiminen! Yksityisopetus on opiskelijal&auml;ht&ouml;inen tapa saada lis&auml;apua l&auml;ksyihin tai muihin aiheisiin tai opiskella t&auml;ysin uusi taito. Yoopies tarjoaa yli 20 eri oppiainetta, mink&auml; joukosta voit valita haluamasi palvelun. Tarjoamamme palvelut ovat esimerkiksi kieli&auml; vaikkapa englannin tai ranskan yksityisopetusta tai talous&#8211; tai tietotekniikan yksityistunteja. Voit [&hellip;]<\/p>\n","protected":false},"author":10,"featured_media":57,"parent":0,"menu_order":0,"comment_status":"closed","ping_status":"closed","template":"","meta":{"_acf_changed":false,"footnotes":""},"class_list":["post-53","page","type-page","status-publish","has-post-thumbnail","hentry"],"acf":[],"yoast_head":"<!-- This site is optimized with the Yoast SEO plugin v26.9 - https:\/\/yoast.com\/product\/yoast-seo-wordpress\/ -->\n<title>Yksityisopetus | Valitse haluamasi aine +20 oppiaineen joukosta.<\/title>\n<meta name=\"description\" content=\"Yksityisopetus | Opiskele osaavan opettajan kanssa ja valitse haluamasi oppiaine +20 oppiaineen joukosta | Yoopies\" \/>\n<meta name=\"robots\" content=\"index, follow, max-snippet:-1, max-image-preview:large, max-video-preview:-1\" \/>\n<link rel=\"canonical\" href=\"https:\/\/yoopies.fi\/c\/yksityisopetus-opas\/\" \/>\n<meta property=\"og:locale\" content=\"fi_FI\" \/>\n<meta property=\"og:type\" content=\"article\" \/>\n<meta property=\"og:title\" content=\"Yksityisopetus | Valitse haluamasi aine +20 oppiaineen joukosta.\" \/>\n<meta property=\"og:description\" content=\"Yksityisopetus | Opiskele osaavan opettajan kanssa ja valitse haluamasi oppiaine +20 oppiaineen joukosta | Yoopies\" \/>\n<meta property=\"og:url\" content=\"https:\/\/yoopies.fi\/c\/yksityisopetus-opas\/\" \/>\n<meta property=\"og:site_name\" content=\"Yoopies Suomi\" \/>\n<meta property=\"article:modified_time\" content=\"2025-06-12T08:44:37+00:00\" \/>\n<meta property=\"og:image\" content=\"https:\/\/yoopies.fi\/c\/wp-content\/uploads\/sites\/8\/2022\/05\/aaa03e7d-7010-483f-b00a-bc482cc7e7fa-pexels-karolina-grabowska-4219133.jpg\" \/>\n\t<meta property=\"og:image:width\" content=\"1200\" \/>\n\t<meta property=\"og:image:height\" content=\"800\" \/>\n\t<meta property=\"og:image:type\" content=\"image\/jpeg\" \/>\n<meta name=\"twitter:card\" content=\"summary_large_image\" \/>\n<meta name=\"twitter:label1\" content=\"Arvioitu lukuaika\" \/>\n\t<meta name=\"twitter:data1\" content=\"3 minuuttia\" \/>\n<script type=\"application\/ld+json\" class=\"yoast-schema-graph\">{\"@context\":\"https:\/\/schema.org\",\"@graph\":[{\"@type\":\"WebPage\",\"@id\":\"https:\/\/yoopies.fi\/c\/yksityisopetus-opas\/\",\"url\":\"https:\/\/yoopies.fi\/c\/yksityisopetus-opas\/\",\"name\":\"Yksityisopetus | Valitse haluamasi aine +20 oppiaineen joukosta.\",\"isPartOf\":{\"@id\":\"https:\/\/yoopies.fi\/c\/#website\"},\"primaryImageOfPage\":{\"@id\":\"https:\/\/yoopies.fi\/c\/yksityisopetus-opas\/#primaryimage\"},\"image\":{\"@id\":\"https:\/\/yoopies.fi\/c\/yksityisopetus-opas\/#primaryimage\"},\"thumbnailUrl\":\"https:\/\/yoopies.fi\/c\/wp-content\/uploads\/sites\/8\/2022\/05\/aaa03e7d-7010-483f-b00a-bc482cc7e7fa-pexels-karolina-grabowska-4219133.jpg\",\"datePublished\":\"2022-05-03T16:21:41+00:00\",\"dateModified\":\"2025-06-12T08:44:37+00:00\",\"description\":\"Yksityisopetus | Opiskele osaavan opettajan kanssa ja valitse haluamasi oppiaine +20 oppiaineen joukosta | Yoopies\",\"breadcrumb\":{\"@id\":\"https:\/\/yoopies.fi\/c\/yksityisopetus-opas\/#breadcrumb\"},\"inLanguage\":\"fi\",\"potentialAction\":[{\"@type\":\"ReadAction\",\"target\":[\"https:\/\/yoopies.fi\/c\/yksityisopetus-opas\/\"]}]},{\"@type\":\"ImageObject\",\"inLanguage\":\"fi\",\"@id\":\"https:\/\/yoopies.fi\/c\/yksityisopetus-opas\/#primaryimage\",\"url\":\"https:\/\/yoopies.fi\/c\/wp-content\/uploads\/sites\/8\/2022\/05\/aaa03e7d-7010-483f-b00a-bc482cc7e7fa-pexels-karolina-grabowska-4219133.jpg\",\"contentUrl\":\"https:\/\/yoopies.fi\/c\/wp-content\/uploads\/sites\/8\/2022\/05\/aaa03e7d-7010-483f-b00a-bc482cc7e7fa-pexels-karolina-grabowska-4219133.jpg\",\"width\":1200,\"height\":800},{\"@type\":\"BreadcrumbList\",\"@id\":\"https:\/\/yoopies.fi\/c\/yksityisopetus-opas\/#breadcrumb\",\"itemListElement\":[{\"@type\":\"ListItem\",\"position\":1,\"name\":\"Home\",\"item\":\"https:\/\/yoopies.fi\/c\/\"},{\"@type\":\"ListItem\",\"position\":2,\"name\":\"Yksityisopetus | Opas &#8211; N\u00e4in l\u00f6yd\u00e4t opettajan\"}]},{\"@type\":\"WebSite\",\"@id\":\"https:\/\/yoopies.fi\/c\/#website\",\"url\":\"https:\/\/yoopies.fi\/c\/\",\"name\":\"Yoopies Suomi\",\"description\":\"\",\"potentialAction\":[{\"@type\":\"SearchAction\",\"target\":{\"@type\":\"EntryPoint\",\"urlTemplate\":\"https:\/\/yoopies.fi\/c\/?s={search_term_string}\"},\"query-input\":{\"@type\":\"PropertyValueSpecification\",\"valueRequired\":true,\"valueName\":\"search_term_string\"}}],\"inLanguage\":\"fi\"}]}<\/script>\n<!-- \/ Yoast SEO plugin. -->","yoast_head_json":{"title":"Yksityisopetus | Valitse haluamasi aine +20 oppiaineen joukosta.","description":"Yksityisopetus | Opiskele osaavan opettajan kanssa ja valitse haluamasi oppiaine +20 oppiaineen joukosta | Yoopies","robots":{"index":"index","follow":"follow","max-snippet":"max-snippet:-1","max-image-preview":"max-image-preview:large","max-video-preview":"max-video-preview:-1"},"canonical":"https:\/\/yoopies.fi\/c\/yksityisopetus-opas\/","og_locale":"fi_FI","og_type":"article","og_title":"Yksityisopetus | Valitse haluamasi aine +20 oppiaineen joukosta.","og_description":"Yksityisopetus | Opiskele osaavan opettajan kanssa ja valitse haluamasi oppiaine +20 oppiaineen joukosta | Yoopies","og_url":"https:\/\/yoopies.fi\/c\/yksityisopetus-opas\/","og_site_name":"Yoopies Suomi","article_modified_time":"2025-06-12T08:44:37+00:00","og_image":[{"width":1200,"height":800,"url":"https:\/\/yoopies.fi\/c\/wp-content\/uploads\/sites\/8\/2022\/05\/aaa03e7d-7010-483f-b00a-bc482cc7e7fa-pexels-karolina-grabowska-4219133.jpg","type":"image\/jpeg"}],"twitter_card":"summary_large_image","twitter_misc":{"Arvioitu lukuaika":"3 minuuttia"},"schema":{"@context":"https:\/\/schema.org","@graph":[{"@type":"WebPage","@id":"https:\/\/yoopies.fi\/c\/yksityisopetus-opas\/","url":"https:\/\/yoopies.fi\/c\/yksityisopetus-opas\/","name":"Yksityisopetus | Valitse haluamasi aine +20 oppiaineen joukosta.","isPartOf":{"@id":"https:\/\/yoopies.fi\/c\/#website"},"primaryImageOfPage":{"@id":"https:\/\/yoopies.fi\/c\/yksityisopetus-opas\/#primaryimage"},"image":{"@id":"https:\/\/yoopies.fi\/c\/yksityisopetus-opas\/#primaryimage"},"thumbnailUrl":"https:\/\/yoopies.fi\/c\/wp-content\/uploads\/sites\/8\/2022\/05\/aaa03e7d-7010-483f-b00a-bc482cc7e7fa-pexels-karolina-grabowska-4219133.jpg","datePublished":"2022-05-03T16:21:41+00:00","dateModified":"2025-06-12T08:44:37+00:00","description":"Yksityisopetus | Opiskele osaavan opettajan kanssa ja valitse haluamasi oppiaine +20 oppiaineen joukosta | Yoopies","breadcrumb":{"@id":"https:\/\/yoopies.fi\/c\/yksityisopetus-opas\/#breadcrumb"},"inLanguage":"fi","potentialAction":[{"@type":"ReadAction","target":["https:\/\/yoopies.fi\/c\/yksityisopetus-opas\/"]}]},{"@type":"ImageObject","inLanguage":"fi","@id":"https:\/\/yoopies.fi\/c\/yksityisopetus-opas\/#primaryimage","url":"https:\/\/yoopies.fi\/c\/wp-content\/uploads\/sites\/8\/2022\/05\/aaa03e7d-7010-483f-b00a-bc482cc7e7fa-pexels-karolina-grabowska-4219133.jpg","contentUrl":"https:\/\/yoopies.fi\/c\/wp-content\/uploads\/sites\/8\/2022\/05\/aaa03e7d-7010-483f-b00a-bc482cc7e7fa-pexels-karolina-grabowska-4219133.jpg","width":1200,"height":800},{"@type":"BreadcrumbList","@id":"https:\/\/yoopies.fi\/c\/yksityisopetus-opas\/#breadcrumb","itemListElement":[{"@type":"ListItem","position":1,"name":"Home","item":"https:\/\/yoopies.fi\/c\/"},{"@type":"ListItem","position":2,"name":"Yksityisopetus | Opas &#8211; N\u00e4in l\u00f6yd\u00e4t opettajan"}]},{"@type":"WebSite","@id":"https:\/\/yoopies.fi\/c\/#website","url":"https:\/\/yoopies.fi\/c\/","name":"Yoopies Suomi","description":"","potentialAction":[{"@type":"SearchAction","target":{"@type":"EntryPoint","urlTemplate":"https:\/\/yoopies.fi\/c\/?s={search_term_string}"},"query-input":{"@type":"PropertyValueSpecification","valueRequired":true,"valueName":"search_term_string"}}],"inLanguage":"fi"}]}},"_links":{"self":[{"href":"https:\/\/yoopies.fi\/c\/wp-json\/wp\/v2\/pages\/53","targetHints":{"allow":["GET"]}}],"collection":[{"href":"https:\/\/yoopies.fi\/c\/wp-json\/wp\/v2\/pages"}],"about":[{"href":"https:\/\/yoopies.fi\/c\/wp-json\/wp\/v2\/types\/page"}],"author":[{"embeddable":true,"href":"https:\/\/yoopies.fi\/c\/wp-json\/wp\/v2\/users\/10"}],"replies":[{"embeddable":true,"href":"https:\/\/yoopies.fi\/c\/wp-json\/wp\/v2\/comments?post=53"}],"version-history":[{"count":1,"href":"https:\/\/yoopies.fi\/c\/wp-json\/wp\/v2\/pages\/53\/revisions"}],"predecessor-version":[{"id":58,"href":"https:\/\/yoopies.fi\/c\/wp-json\/wp\/v2\/pages\/53\/revisions\/58"}],"wp:featuredmedia":[{"embeddable":true,"href":"https:\/\/yoopies.fi\/c\/wp-json\/wp\/v2\/media\/57"}],"wp:attachment":[{"href":"https:\/\/yoopies.fi\/c\/wp-json\/wp\/v2\/media?parent=53"}],"curies":[{"name":"wp","href":"https:\/\/api.w.org\/{rel}","templated":true}]}}