{"id":49,"date":"2022-05-30T13:40:03","date_gmt":"2022-05-30T13:40:03","guid":{"rendered":"https:\/\/blog.yoopies.fi\/viimeisimmat-artikkelit\/"},"modified":"2025-06-12T08:44:37","modified_gmt":"2025-06-12T08:44:37","slug":"viimeisimmat-artikkelit","status":"publish","type":"page","link":"https:\/\/yoopies.fi\/c\/viimeisimmat-artikkelit\/","title":{"rendered":"Viimeisimm\u00e4t artikkelit"},"content":{"rendered":"<p><p><em>Yoopieksen viimeisimm&auml;t artikkelit <\/em><\/p>\n<\/p>\n<figure><img decoding=\"async\" src=\"https:\/\/yoopies.fi\/c\/wp-content\/uploads\/sites\/8\/2022\/05\/632b7f3a-5b81-42d3-8102-1f5fa374c104-pexels-cottonbro-3944425.jpg\" \/><\/figure>\n<p><h2><strong>2022<\/strong><br \/>\n<\/h2>\n<p><em>Viimeisimm&auml;t artikkelit liityen tukiin: <\/em><\/p>\n<ul>\n<li><a href=\"https:\/\/yoopies.fi\/c\/kotitalousvahennys\">Miten kotitalousv&auml;hennystoimii? <\/a><\/li>\n<li><a href=\"https:\/\/yoopies.fi\/c\/kotihoidon-tuki-lapselle\">Kotihoidontuki lapselle<\/a><\/li>\n<li><a href=\"https:\/\/yoopies.fi\/c\/lastenhoitajan-tyosopimus\">Ty&ouml;sopimus lastenhoitajalle <br \/>\n<\/a><\/li>\n<\/ul>\n<p><em>Artikkelimme kuinka yhdist&auml;&auml; ty&ouml; ja opiskelu<\/em><\/p>\n<ul>\n<li>Lue <a href=\"https:\/\/www.uralla.fi\/2022\/02\/07\/osa-aikatyota-opintojen-ohelle-yli-16-vuotiaille-5-vinkkia\/\">Uralla<\/a>&#8211; blogista parhaat vinkit ty&ouml;nhakuun <a href=\"https:\/\/yoopies.fi\/c\/uudelle-uralle-loyda-oma-urakehityksesi\">t&auml;&auml;lt&auml;.<\/a><\/li>\n<li><a href=\"https:\/\/yoopies.fi\/c\/toita-opiskelijalle\">Kuinka yhdist&auml;&auml; opiskelut ja ty&ouml; <\/a><\/li>\n<\/ul>\n<p><em>\ud83c\uddfa\ud83c\udde6 Lue tukialoitteestamme ukrainan sotapakolaisille: <\/em><\/p>\n<ul>\n<li><a href=\"https:\/\/yoopies.fi\/c\/toita-ukrainalaisille\">T&ouml;it&auml; ukrainalaisille<\/a><\/li>\n<\/ul>\n","protected":false},"excerpt":{"rendered":"<p>Yoopieksen viimeisimm&auml;t artikkelit 2022 Viimeisimm&auml;t artikkelit liityen tukiin: Miten kotitalousv&auml;hennystoimii? Kotihoidontuki lapselle Ty&ouml;sopimus lastenhoitajalle Artikkelimme kuinka yhdist&auml;&auml; ty&ouml; ja opiskelu Lue Uralla&#8211; blogista parhaat vinkit ty&ouml;nhakuun t&auml;&auml;lt&auml;. Kuinka yhdist&auml;&auml; opiskelut ja ty&ouml; \ud83c\uddfa\ud83c\udde6 Lue tukialoitteestamme ukrainan sotapakolaisille: T&ouml;it&auml; ukrainalaisille<\/p>\n","protected":false},"author":10,"featured_media":51,"parent":0,"menu_order":0,"comment_status":"closed","ping_status":"closed","template":"","meta":{"_acf_changed":false,"footnotes":""},"class_list":["post-49","page","type-page","status-publish","has-post-thumbnail","hentry"],"acf":[],"yoast_head":"<!-- This site is optimized with the Yoast SEO plugin v26.9 - https:\/\/yoast.com\/product\/yoast-seo-wordpress\/ -->\n<title>Viimeisimm\u00e4t artkkelit. \ud83d\udd0e | Parempaan arkeen | Yoopies<\/title>\n<meta name=\"description\" content=\"Viimeisimm\u00e4t artikkelit. \ud83d\udd0e | Lue viimeisimm\u00e4t artikkelimme ty\u00f6nhakuun tai ty\u00f6ntekij\u00e4n l\u00f6ytymiseen sek\u00e4 oppaamme kaikkiin palveluihimme. \ud83e\udd1d | Yoopies.\" \/>\n<meta name=\"robots\" content=\"index, follow, max-snippet:-1, max-image-preview:large, max-video-preview:-1\" \/>\n<link rel=\"canonical\" href=\"https:\/\/yoopies.fi\/c\/viimeisimmat-artikkelit\/\" \/>\n<meta property=\"og:locale\" content=\"fi_FI\" \/>\n<meta property=\"og:type\" content=\"article\" \/>\n<meta property=\"og:title\" content=\"Viimeisimm\u00e4t artkkelit. \ud83d\udd0e | Parempaan arkeen | Yoopies\" \/>\n<meta property=\"og:description\" content=\"Viimeisimm\u00e4t artikkelit. \ud83d\udd0e | Lue viimeisimm\u00e4t artikkelimme ty\u00f6nhakuun tai ty\u00f6ntekij\u00e4n l\u00f6ytymiseen sek\u00e4 oppaamme kaikkiin palveluihimme. \ud83e\udd1d | Yoopies.\" \/>\n<meta property=\"og:url\" content=\"https:\/\/yoopies.fi\/c\/viimeisimmat-artikkelit\/\" \/>\n<meta property=\"og:site_name\" content=\"Yoopies Suomi\" \/>\n<meta property=\"article:modified_time\" content=\"2025-06-12T08:44:37+00:00\" \/>\n<meta property=\"og:image\" content=\"https:\/\/yoopies.fi\/c\/wp-content\/uploads\/sites\/8\/2022\/05\/a8e0d42f-79b4-4529-a92b-b89dc30a0cba-pexels-august-de-richelieu-4260482.jpg\" \/>\n\t<meta property=\"og:image:width\" content=\"1200\" \/>\n\t<meta property=\"og:image:height\" content=\"801\" \/>\n\t<meta property=\"og:image:type\" content=\"image\/jpeg\" \/>\n<meta name=\"twitter:card\" content=\"summary_large_image\" \/>\n<script type=\"application\/ld+json\" class=\"yoast-schema-graph\">{\"@context\":\"https:\/\/schema.org\",\"@graph\":[{\"@type\":\"WebPage\",\"@id\":\"https:\/\/yoopies.fi\/c\/viimeisimmat-artikkelit\/\",\"url\":\"https:\/\/yoopies.fi\/c\/viimeisimmat-artikkelit\/\",\"name\":\"Viimeisimm\u00e4t artkkelit. \ud83d\udd0e | Parempaan arkeen | Yoopies\",\"isPartOf\":{\"@id\":\"https:\/\/yoopies.fi\/c\/#website\"},\"primaryImageOfPage\":{\"@id\":\"https:\/\/yoopies.fi\/c\/viimeisimmat-artikkelit\/#primaryimage\"},\"image\":{\"@id\":\"https:\/\/yoopies.fi\/c\/viimeisimmat-artikkelit\/#primaryimage\"},\"thumbnailUrl\":\"https:\/\/yoopies.fi\/c\/wp-content\/uploads\/sites\/8\/2022\/05\/a8e0d42f-79b4-4529-a92b-b89dc30a0cba-pexels-august-de-richelieu-4260482.jpg\",\"datePublished\":\"2022-05-30T13:40:03+00:00\",\"dateModified\":\"2025-06-12T08:44:37+00:00\",\"description\":\"Viimeisimm\u00e4t artikkelit. \ud83d\udd0e | Lue viimeisimm\u00e4t artikkelimme ty\u00f6nhakuun tai ty\u00f6ntekij\u00e4n l\u00f6ytymiseen sek\u00e4 oppaamme kaikkiin palveluihimme. \ud83e\udd1d | Yoopies.\",\"breadcrumb\":{\"@id\":\"https:\/\/yoopies.fi\/c\/viimeisimmat-artikkelit\/#breadcrumb\"},\"inLanguage\":\"fi\",\"potentialAction\":[{\"@type\":\"ReadAction\",\"target\":[\"https:\/\/yoopies.fi\/c\/viimeisimmat-artikkelit\/\"]}]},{\"@type\":\"ImageObject\",\"inLanguage\":\"fi\",\"@id\":\"https:\/\/yoopies.fi\/c\/viimeisimmat-artikkelit\/#primaryimage\",\"url\":\"https:\/\/yoopies.fi\/c\/wp-content\/uploads\/sites\/8\/2022\/05\/a8e0d42f-79b4-4529-a92b-b89dc30a0cba-pexels-august-de-richelieu-4260482.jpg\",\"contentUrl\":\"https:\/\/yoopies.fi\/c\/wp-content\/uploads\/sites\/8\/2022\/05\/a8e0d42f-79b4-4529-a92b-b89dc30a0cba-pexels-august-de-richelieu-4260482.jpg\",\"width\":1200,\"height\":801},{\"@type\":\"BreadcrumbList\",\"@id\":\"https:\/\/yoopies.fi\/c\/viimeisimmat-artikkelit\/#breadcrumb\",\"itemListElement\":[{\"@type\":\"ListItem\",\"position\":1,\"name\":\"Home\",\"item\":\"https:\/\/yoopies.fi\/c\/\"},{\"@type\":\"ListItem\",\"position\":2,\"name\":\"Viimeisimm\u00e4t artikkelit\"}]},{\"@type\":\"WebSite\",\"@id\":\"https:\/\/yoopies.fi\/c\/#website\",\"url\":\"https:\/\/yoopies.fi\/c\/\",\"name\":\"Yoopies Suomi\",\"description\":\"\",\"potentialAction\":[{\"@type\":\"SearchAction\",\"target\":{\"@type\":\"EntryPoint\",\"urlTemplate\":\"https:\/\/yoopies.fi\/c\/?s={search_term_string}\"},\"query-input\":{\"@type\":\"PropertyValueSpecification\",\"valueRequired\":true,\"valueName\":\"search_term_string\"}}],\"inLanguage\":\"fi\"}]}<\/script>\n<!-- \/ Yoast SEO plugin. -->","yoast_head_json":{"title":"Viimeisimm\u00e4t artkkelit. \ud83d\udd0e | Parempaan arkeen | Yoopies","description":"Viimeisimm\u00e4t artikkelit. \ud83d\udd0e | Lue viimeisimm\u00e4t artikkelimme ty\u00f6nhakuun tai ty\u00f6ntekij\u00e4n l\u00f6ytymiseen sek\u00e4 oppaamme kaikkiin palveluihimme. \ud83e\udd1d | Yoopies.","robots":{"index":"index","follow":"follow","max-snippet":"max-snippet:-1","max-image-preview":"max-image-preview:large","max-video-preview":"max-video-preview:-1"},"canonical":"https:\/\/yoopies.fi\/c\/viimeisimmat-artikkelit\/","og_locale":"fi_FI","og_type":"article","og_title":"Viimeisimm\u00e4t artkkelit. \ud83d\udd0e | Parempaan arkeen | Yoopies","og_description":"Viimeisimm\u00e4t artikkelit. \ud83d\udd0e | Lue viimeisimm\u00e4t artikkelimme ty\u00f6nhakuun tai ty\u00f6ntekij\u00e4n l\u00f6ytymiseen sek\u00e4 oppaamme kaikkiin palveluihimme. \ud83e\udd1d | Yoopies.","og_url":"https:\/\/yoopies.fi\/c\/viimeisimmat-artikkelit\/","og_site_name":"Yoopies Suomi","article_modified_time":"2025-06-12T08:44:37+00:00","og_image":[{"width":1200,"height":801,"url":"https:\/\/yoopies.fi\/c\/wp-content\/uploads\/sites\/8\/2022\/05\/a8e0d42f-79b4-4529-a92b-b89dc30a0cba-pexels-august-de-richelieu-4260482.jpg","type":"image\/jpeg"}],"twitter_card":"summary_large_image","schema":{"@context":"https:\/\/schema.org","@graph":[{"@type":"WebPage","@id":"https:\/\/yoopies.fi\/c\/viimeisimmat-artikkelit\/","url":"https:\/\/yoopies.fi\/c\/viimeisimmat-artikkelit\/","name":"Viimeisimm\u00e4t artkkelit. \ud83d\udd0e | Parempaan arkeen | Yoopies","isPartOf":{"@id":"https:\/\/yoopies.fi\/c\/#website"},"primaryImageOfPage":{"@id":"https:\/\/yoopies.fi\/c\/viimeisimmat-artikkelit\/#primaryimage"},"image":{"@id":"https:\/\/yoopies.fi\/c\/viimeisimmat-artikkelit\/#primaryimage"},"thumbnailUrl":"https:\/\/yoopies.fi\/c\/wp-content\/uploads\/sites\/8\/2022\/05\/a8e0d42f-79b4-4529-a92b-b89dc30a0cba-pexels-august-de-richelieu-4260482.jpg","datePublished":"2022-05-30T13:40:03+00:00","dateModified":"2025-06-12T08:44:37+00:00","description":"Viimeisimm\u00e4t artikkelit. \ud83d\udd0e | Lue viimeisimm\u00e4t artikkelimme ty\u00f6nhakuun tai ty\u00f6ntekij\u00e4n l\u00f6ytymiseen sek\u00e4 oppaamme kaikkiin palveluihimme. \ud83e\udd1d | Yoopies.","breadcrumb":{"@id":"https:\/\/yoopies.fi\/c\/viimeisimmat-artikkelit\/#breadcrumb"},"inLanguage":"fi","potentialAction":[{"@type":"ReadAction","target":["https:\/\/yoopies.fi\/c\/viimeisimmat-artikkelit\/"]}]},{"@type":"ImageObject","inLanguage":"fi","@id":"https:\/\/yoopies.fi\/c\/viimeisimmat-artikkelit\/#primaryimage","url":"https:\/\/yoopies.fi\/c\/wp-content\/uploads\/sites\/8\/2022\/05\/a8e0d42f-79b4-4529-a92b-b89dc30a0cba-pexels-august-de-richelieu-4260482.jpg","contentUrl":"https:\/\/yoopies.fi\/c\/wp-content\/uploads\/sites\/8\/2022\/05\/a8e0d42f-79b4-4529-a92b-b89dc30a0cba-pexels-august-de-richelieu-4260482.jpg","width":1200,"height":801},{"@type":"BreadcrumbList","@id":"https:\/\/yoopies.fi\/c\/viimeisimmat-artikkelit\/#breadcrumb","itemListElement":[{"@type":"ListItem","position":1,"name":"Home","item":"https:\/\/yoopies.fi\/c\/"},{"@type":"ListItem","position":2,"name":"Viimeisimm\u00e4t artikkelit"}]},{"@type":"WebSite","@id":"https:\/\/yoopies.fi\/c\/#website","url":"https:\/\/yoopies.fi\/c\/","name":"Yoopies Suomi","description":"","potentialAction":[{"@type":"SearchAction","target":{"@type":"EntryPoint","urlTemplate":"https:\/\/yoopies.fi\/c\/?s={search_term_string}"},"query-input":{"@type":"PropertyValueSpecification","valueRequired":true,"valueName":"search_term_string"}}],"inLanguage":"fi"}]}},"_links":{"self":[{"href":"https:\/\/yoopies.fi\/c\/wp-json\/wp\/v2\/pages\/49","targetHints":{"allow":["GET"]}}],"collection":[{"href":"https:\/\/yoopies.fi\/c\/wp-json\/wp\/v2\/pages"}],"about":[{"href":"https:\/\/yoopies.fi\/c\/wp-json\/wp\/v2\/types\/page"}],"author":[{"embeddable":true,"href":"https:\/\/yoopies.fi\/c\/wp-json\/wp\/v2\/users\/10"}],"replies":[{"embeddable":true,"href":"https:\/\/yoopies.fi\/c\/wp-json\/wp\/v2\/comments?post=49"}],"version-history":[{"count":1,"href":"https:\/\/yoopies.fi\/c\/wp-json\/wp\/v2\/pages\/49\/revisions"}],"predecessor-version":[{"id":52,"href":"https:\/\/yoopies.fi\/c\/wp-json\/wp\/v2\/pages\/49\/revisions\/52"}],"wp:featuredmedia":[{"embeddable":true,"href":"https:\/\/yoopies.fi\/c\/wp-json\/wp\/v2\/media\/51"}],"wp:attachment":[{"href":"https:\/\/yoopies.fi\/c\/wp-json\/wp\/v2\/media?parent=49"}],"curies":[{"name":"wp","href":"https:\/\/api.w.org\/{rel}","templated":true}]}}