{"id":26,"date":"2022-06-07T14:52:12","date_gmt":"2022-06-07T14:52:12","guid":{"rendered":"https:\/\/blog.yoopies.fi\/toita-ukrainalaisille\/"},"modified":"2025-06-12T08:44:37","modified_gmt":"2025-06-12T08:44:37","slug":"toita-ukrainalaisille","status":"publish","type":"page","link":"https:\/\/yoopies.fi\/c\/toita-ukrainalaisille\/","title":{"rendered":"T\u00f6it\u00e4 ukrainalaisille Yoopieksen avulla"},"content":{"rendered":"<figure><img decoding=\"async\" src=\"https:\/\/yoopies.fi\/c\/wp-content\/uploads\/sites\/8\/2022\/06\/f1c6c7f7-0fc7-47bc-b024-669e6184f792-nacc88yttocc88kuva2022-5-20kello9-47-00.jpg\" \/><\/figure>\n<p><p><strong>Ukrainan kriisin vuoksi <a href=\"http:\/\/yoopies.fi\">Yoopies<\/a>, <a href=\"http:\/\/worklife.io\">Worklife<\/a>&#8211; korsernin kodinpalveluihin perustuva sivusto on aloittanut tukitoiminnan, joka auttaa ukrainalaisia \u200b\u200bsotapakolaisia ty&ouml;llistym&auml;&auml;n Suomessa. Kaikki ty&ouml;nhakijat voivat rekister&ouml;ity&auml; sivun kautta ja saada n&auml;kyvyytt&auml; verkkosivuilla ty&ouml;mahdollisuuksien maksimoimiseksi.<\/strong><\/p>\n<\/p>\n<p><p>Suomen maahanmuuttoviraston tietojen mukaan yli 13 000 ukrainalaista on otettu vastaan Suomessa sen ja\u0308lkeen, kun Vena\u0308ja\u0308 alkoi vallata Ukrainaa. Suomen sisa\u0308ministerio\u0308n mukaan tilapa\u0308ista\u0308 suojelua hakeva voi aloittaa tyo\u0308nteon Suomessa va\u0308litto\u0308ma\u0308sti ilman oleskelulupakorttia tai oleskelulupaa. Yoopies haluaa osallistua ukrainalaisten tyo\u0308llistymiseen ja tarjoaa &ldquo;Uusi tyo\u0308ntekija\u0308 Ukrainasta&rdquo; ominaisuuden lis&auml;&auml;kseen ukrainalaisten tyo\u0308llistymista\u0308. <\/p>\n<p class=\"block-img\"><img decoding=\"async\" src=\"https:\/\/yoopies.fi\/c\/wp-content\/uploads\/sites\/8\/2022\/06\/fbdc931a-1d51-4900-a1cb-9097cbfaf51d_NaCC88yttoCC88kuva2022-5-5kello9.43.55.png\" alt=\"T&ouml;it&auml; Ukrainalaisille Yoopieksen avulla \"><\/p>\n<p>Kaikilla alustalla olevilla ukrainalaisilla profiileilla on suurin n&auml;kyvyys, ja ne p&auml;&auml;tyv&auml;t automaattisesti sivun yl&auml;osaan muiden hakijoiden joukosta. Lis&auml;ksi etsiess&auml;&auml;n alustalta lasten-, vanhusten- tai lemmikkien hoitajaa tai siivousapua, perheet voivat tunnistaa ukrainalaisten ty&ouml;ntekij&ouml;iden profiilit ja tukea heid&auml;n ty&ouml;llistymist&auml;&auml;n Suomessa. <\/p>\n<p>Aloite on k&auml;ynnistetty kaikissa 17 Euroopan maassa, joissa Yoopies toimii: Belgiassa, Tanskassa, Suomessa, Ranskassa, Italiassa, Liettuassa, Luxemburgissa, Norjassa, Puolassa, Portugalissa, Espanjassa, Ruotsissa, Sveitsiss&auml;, Iso-Britanniassa, Saksassa ja It&auml;valassa. <\/p>\n<p>Alustalle on rekister&ouml;itynyt jo satoja uusia ukrainalaisia \u200b\u200bprofiileja eri puolilla Eurooppaa sen j&auml;lkeen, kun aloite k&auml;ynnistettiin tiistaina 19. huhtikuuta.<\/p>\n<\/p>\n<p><a class=\"button\" href=\"https:\/\/www.yoopies.fi\">L\u00f6yd\u00e4 ukrainalainen ty\u00f6ntekij\u00e4 Yoopies alustalta! <\/a><\/p>\n<p><p>Haluatko kysy&auml; lis&auml;tietoja Yoopieksen aloitteesta? Voit aina olla meihin yhteydess&auml; osoitteeseen: yoopies@contact.fi<\/p>\n<\/p>\n<p><a class=\"button\" href=\"https:\/\/migri.fi\/ukrainalaisten-tyonantajille\">Ty\u00f6nantajalle: ohjeita, kun palkkaat Ukrainasta paenneen ty\u00f6ntekij\u00e4n<\/a><\/p>\n","protected":false},"excerpt":{"rendered":"<p>Ukrainan kriisin vuoksi Yoopies, Worklife&#8211; korsernin kodinpalveluihin perustuva sivusto on aloittanut tukitoiminnan, joka auttaa ukrainalaisia \u200b\u200bsotapakolaisia ty&ouml;llistym&auml;&auml;n Suomessa. Kaikki ty&ouml;nhakijat voivat rekister&ouml;ity&auml; sivun kautta ja saada n&auml;kyvyytt&auml; verkkosivuilla ty&ouml;mahdollisuuksien maksimoimiseksi. Suomen maahanmuuttoviraston tietojen mukaan yli 13 000 ukrainalaista on otettu vastaan Suomessa sen ja\u0308lkeen, kun Vena\u0308ja\u0308 alkoi vallata Ukrainaa. Suomen sisa\u0308ministerio\u0308n mukaan tilapa\u0308ista\u0308 suojelua hakeva [&hellip;]<\/p>\n","protected":false},"author":10,"featured_media":29,"parent":0,"menu_order":0,"comment_status":"closed","ping_status":"closed","template":"","meta":{"_acf_changed":false,"footnotes":""},"class_list":["post-26","page","type-page","status-publish","has-post-thumbnail","hentry"],"acf":[],"yoast_head":"<!-- This site is optimized with the Yoast SEO plugin v26.9 - https:\/\/yoast.com\/product\/yoast-seo-wordpress\/ -->\n<title>T\u00f6it\u00e4 ukrainalaisille Yoopieksen avulla<\/title>\n<meta name=\"description\" content=\"Ty\u00f6paikkoja ukrainalaisille pakolaisille Yoopieksen avulla. \ud83c\uddfa\ud83c\udde6 | Yoopies k\u00e4ynnist\u00e4\u00e4 aloitteen helpottaakseen Ukrainasta paenneiden ty\u00f6llistymist\u00e4.\" \/>\n<meta name=\"robots\" content=\"index, follow, max-snippet:-1, max-image-preview:large, max-video-preview:-1\" \/>\n<link rel=\"canonical\" href=\"https:\/\/yoopies.fi\/c\/toita-ukrainalaisille\/\" \/>\n<meta property=\"og:locale\" content=\"fi_FI\" \/>\n<meta property=\"og:type\" content=\"article\" \/>\n<meta property=\"og:title\" content=\"T\u00f6it\u00e4 ukrainalaisille Yoopieksen avulla\" \/>\n<meta property=\"og:description\" content=\"Ty\u00f6paikkoja ukrainalaisille pakolaisille Yoopieksen avulla. \ud83c\uddfa\ud83c\udde6 | Yoopies k\u00e4ynnist\u00e4\u00e4 aloitteen helpottaakseen Ukrainasta paenneiden ty\u00f6llistymist\u00e4.\" \/>\n<meta property=\"og:url\" content=\"https:\/\/yoopies.fi\/c\/toita-ukrainalaisille\/\" \/>\n<meta property=\"og:site_name\" content=\"Yoopies Suomi\" \/>\n<meta property=\"article:modified_time\" content=\"2025-06-12T08:44:37+00:00\" \/>\n<meta property=\"og:image\" content=\"https:\/\/yoopies.fi\/c\/wp-content\/uploads\/sites\/8\/2022\/06\/89e306bb-d4ca-44a0-8cf1-23bff2172e3d-pexels-fauxels-318446528129.jpg\" \/>\n\t<meta property=\"og:image:width\" content=\"1200\" \/>\n\t<meta property=\"og:image:height\" content=\"800\" \/>\n\t<meta property=\"og:image:type\" content=\"image\/jpeg\" \/>\n<meta name=\"twitter:card\" content=\"summary_large_image\" \/>\n<meta name=\"twitter:label1\" content=\"Arvioitu lukuaika\" \/>\n\t<meta name=\"twitter:data1\" content=\"1 minuutti\" \/>\n<script type=\"application\/ld+json\" class=\"yoast-schema-graph\">{\"@context\":\"https:\/\/schema.org\",\"@graph\":[{\"@type\":\"WebPage\",\"@id\":\"https:\/\/yoopies.fi\/c\/toita-ukrainalaisille\/\",\"url\":\"https:\/\/yoopies.fi\/c\/toita-ukrainalaisille\/\",\"name\":\"T\u00f6it\u00e4 ukrainalaisille Yoopieksen avulla\",\"isPartOf\":{\"@id\":\"https:\/\/yoopies.fi\/c\/#website\"},\"primaryImageOfPage\":{\"@id\":\"https:\/\/yoopies.fi\/c\/toita-ukrainalaisille\/#primaryimage\"},\"image\":{\"@id\":\"https:\/\/yoopies.fi\/c\/toita-ukrainalaisille\/#primaryimage\"},\"thumbnailUrl\":\"https:\/\/yoopies.fi\/c\/wp-content\/uploads\/sites\/8\/2022\/06\/89e306bb-d4ca-44a0-8cf1-23bff2172e3d-pexels-fauxels-318446528129.jpg\",\"datePublished\":\"2022-06-07T14:52:12+00:00\",\"dateModified\":\"2025-06-12T08:44:37+00:00\",\"description\":\"Ty\u00f6paikkoja ukrainalaisille pakolaisille Yoopieksen avulla. \ud83c\uddfa\ud83c\udde6 | Yoopies k\u00e4ynnist\u00e4\u00e4 aloitteen helpottaakseen Ukrainasta paenneiden ty\u00f6llistymist\u00e4.\",\"breadcrumb\":{\"@id\":\"https:\/\/yoopies.fi\/c\/toita-ukrainalaisille\/#breadcrumb\"},\"inLanguage\":\"fi\",\"potentialAction\":[{\"@type\":\"ReadAction\",\"target\":[\"https:\/\/yoopies.fi\/c\/toita-ukrainalaisille\/\"]}]},{\"@type\":\"ImageObject\",\"inLanguage\":\"fi\",\"@id\":\"https:\/\/yoopies.fi\/c\/toita-ukrainalaisille\/#primaryimage\",\"url\":\"https:\/\/yoopies.fi\/c\/wp-content\/uploads\/sites\/8\/2022\/06\/89e306bb-d4ca-44a0-8cf1-23bff2172e3d-pexels-fauxels-318446528129.jpg\",\"contentUrl\":\"https:\/\/yoopies.fi\/c\/wp-content\/uploads\/sites\/8\/2022\/06\/89e306bb-d4ca-44a0-8cf1-23bff2172e3d-pexels-fauxels-318446528129.jpg\",\"width\":1200,\"height\":800},{\"@type\":\"BreadcrumbList\",\"@id\":\"https:\/\/yoopies.fi\/c\/toita-ukrainalaisille\/#breadcrumb\",\"itemListElement\":[{\"@type\":\"ListItem\",\"position\":1,\"name\":\"Home\",\"item\":\"https:\/\/yoopies.fi\/c\/\"},{\"@type\":\"ListItem\",\"position\":2,\"name\":\"T\u00f6it\u00e4 ukrainalaisille Yoopieksen avulla\"}]},{\"@type\":\"WebSite\",\"@id\":\"https:\/\/yoopies.fi\/c\/#website\",\"url\":\"https:\/\/yoopies.fi\/c\/\",\"name\":\"Yoopies Suomi\",\"description\":\"\",\"potentialAction\":[{\"@type\":\"SearchAction\",\"target\":{\"@type\":\"EntryPoint\",\"urlTemplate\":\"https:\/\/yoopies.fi\/c\/?s={search_term_string}\"},\"query-input\":{\"@type\":\"PropertyValueSpecification\",\"valueRequired\":true,\"valueName\":\"search_term_string\"}}],\"inLanguage\":\"fi\"}]}<\/script>\n<!-- \/ Yoast SEO plugin. -->","yoast_head_json":{"title":"T\u00f6it\u00e4 ukrainalaisille Yoopieksen avulla","description":"Ty\u00f6paikkoja ukrainalaisille pakolaisille Yoopieksen avulla. \ud83c\uddfa\ud83c\udde6 | Yoopies k\u00e4ynnist\u00e4\u00e4 aloitteen helpottaakseen Ukrainasta paenneiden ty\u00f6llistymist\u00e4.","robots":{"index":"index","follow":"follow","max-snippet":"max-snippet:-1","max-image-preview":"max-image-preview:large","max-video-preview":"max-video-preview:-1"},"canonical":"https:\/\/yoopies.fi\/c\/toita-ukrainalaisille\/","og_locale":"fi_FI","og_type":"article","og_title":"T\u00f6it\u00e4 ukrainalaisille Yoopieksen avulla","og_description":"Ty\u00f6paikkoja ukrainalaisille pakolaisille Yoopieksen avulla. \ud83c\uddfa\ud83c\udde6 | Yoopies k\u00e4ynnist\u00e4\u00e4 aloitteen helpottaakseen Ukrainasta paenneiden ty\u00f6llistymist\u00e4.","og_url":"https:\/\/yoopies.fi\/c\/toita-ukrainalaisille\/","og_site_name":"Yoopies Suomi","article_modified_time":"2025-06-12T08:44:37+00:00","og_image":[{"width":1200,"height":800,"url":"https:\/\/yoopies.fi\/c\/wp-content\/uploads\/sites\/8\/2022\/06\/89e306bb-d4ca-44a0-8cf1-23bff2172e3d-pexels-fauxels-318446528129.jpg","type":"image\/jpeg"}],"twitter_card":"summary_large_image","twitter_misc":{"Arvioitu lukuaika":"1 minuutti"},"schema":{"@context":"https:\/\/schema.org","@graph":[{"@type":"WebPage","@id":"https:\/\/yoopies.fi\/c\/toita-ukrainalaisille\/","url":"https:\/\/yoopies.fi\/c\/toita-ukrainalaisille\/","name":"T\u00f6it\u00e4 ukrainalaisille Yoopieksen avulla","isPartOf":{"@id":"https:\/\/yoopies.fi\/c\/#website"},"primaryImageOfPage":{"@id":"https:\/\/yoopies.fi\/c\/toita-ukrainalaisille\/#primaryimage"},"image":{"@id":"https:\/\/yoopies.fi\/c\/toita-ukrainalaisille\/#primaryimage"},"thumbnailUrl":"https:\/\/yoopies.fi\/c\/wp-content\/uploads\/sites\/8\/2022\/06\/89e306bb-d4ca-44a0-8cf1-23bff2172e3d-pexels-fauxels-318446528129.jpg","datePublished":"2022-06-07T14:52:12+00:00","dateModified":"2025-06-12T08:44:37+00:00","description":"Ty\u00f6paikkoja ukrainalaisille pakolaisille Yoopieksen avulla. \ud83c\uddfa\ud83c\udde6 | Yoopies k\u00e4ynnist\u00e4\u00e4 aloitteen helpottaakseen Ukrainasta paenneiden ty\u00f6llistymist\u00e4.","breadcrumb":{"@id":"https:\/\/yoopies.fi\/c\/toita-ukrainalaisille\/#breadcrumb"},"inLanguage":"fi","potentialAction":[{"@type":"ReadAction","target":["https:\/\/yoopies.fi\/c\/toita-ukrainalaisille\/"]}]},{"@type":"ImageObject","inLanguage":"fi","@id":"https:\/\/yoopies.fi\/c\/toita-ukrainalaisille\/#primaryimage","url":"https:\/\/yoopies.fi\/c\/wp-content\/uploads\/sites\/8\/2022\/06\/89e306bb-d4ca-44a0-8cf1-23bff2172e3d-pexels-fauxels-318446528129.jpg","contentUrl":"https:\/\/yoopies.fi\/c\/wp-content\/uploads\/sites\/8\/2022\/06\/89e306bb-d4ca-44a0-8cf1-23bff2172e3d-pexels-fauxels-318446528129.jpg","width":1200,"height":800},{"@type":"BreadcrumbList","@id":"https:\/\/yoopies.fi\/c\/toita-ukrainalaisille\/#breadcrumb","itemListElement":[{"@type":"ListItem","position":1,"name":"Home","item":"https:\/\/yoopies.fi\/c\/"},{"@type":"ListItem","position":2,"name":"T\u00f6it\u00e4 ukrainalaisille Yoopieksen avulla"}]},{"@type":"WebSite","@id":"https:\/\/yoopies.fi\/c\/#website","url":"https:\/\/yoopies.fi\/c\/","name":"Yoopies Suomi","description":"","potentialAction":[{"@type":"SearchAction","target":{"@type":"EntryPoint","urlTemplate":"https:\/\/yoopies.fi\/c\/?s={search_term_string}"},"query-input":{"@type":"PropertyValueSpecification","valueRequired":true,"valueName":"search_term_string"}}],"inLanguage":"fi"}]}},"_links":{"self":[{"href":"https:\/\/yoopies.fi\/c\/wp-json\/wp\/v2\/pages\/26","targetHints":{"allow":["GET"]}}],"collection":[{"href":"https:\/\/yoopies.fi\/c\/wp-json\/wp\/v2\/pages"}],"about":[{"href":"https:\/\/yoopies.fi\/c\/wp-json\/wp\/v2\/types\/page"}],"author":[{"embeddable":true,"href":"https:\/\/yoopies.fi\/c\/wp-json\/wp\/v2\/users\/10"}],"replies":[{"embeddable":true,"href":"https:\/\/yoopies.fi\/c\/wp-json\/wp\/v2\/comments?post=26"}],"version-history":[{"count":1,"href":"https:\/\/yoopies.fi\/c\/wp-json\/wp\/v2\/pages\/26\/revisions"}],"predecessor-version":[{"id":30,"href":"https:\/\/yoopies.fi\/c\/wp-json\/wp\/v2\/pages\/26\/revisions\/30"}],"wp:featuredmedia":[{"embeddable":true,"href":"https:\/\/yoopies.fi\/c\/wp-json\/wp\/v2\/media\/29"}],"wp:attachment":[{"href":"https:\/\/yoopies.fi\/c\/wp-json\/wp\/v2\/media?parent=26"}],"curies":[{"name":"wp","href":"https:\/\/api.w.org\/{rel}","templated":true}]}}